{"id":100,"date":"2022-11-16T22:42:27","date_gmt":"2022-11-16T22:42:27","guid":{"rendered":"https:\/\/manantialdelasflores.com\/?post_type=product&#038;p=100"},"modified":"2025-03-19T21:35:01","modified_gmt":"2025-03-19T21:35:01","slug":"champu-artesanal-de-perejil-y-menta","status":"publish","type":"product","link":"https:\/\/manantialdelasflores.com\/en\/shop\/champu-artesanal-de-perejil-y-menta\/","title":{"rendered":"Champ\u00fa artesanal perejil y menta"},"content":{"rendered":"<div class=\"short-description\">\n<div class=\"std\">\n<p><span class=\"s1\">Champ\u00fa l\u00edquido hecho con hojas de menta y perejil.<\/span>\u00a0Cualidad arom\u00e1tica: energ\u00e9tico, antidepresivo, refrescante y reconfortante. <span class=\"s1\">Produce una espuma suave y natural que el cabello y el cuero cabelludo necesitan para limpiarse adecuadamente. <\/span>Frotar directamente sobre el cabello mojado y extender, dar un buen masaje y enjuagar abundantemente. Para mejores resultados utilizar la <em>Loci\u00f3n Capilar Artesanal Ortiga<\/em> Manantial de las Flores. <span class=\"s1\">El color de nuestro champ\u00fa se logra con las plantas que a\u00f1adimos para reforzar sus cualidades y su aroma. <\/span><\/p>\n<p><strong>Ingredientes:<\/strong> Agua de manantial, aceite de oliva prensado en fr\u00edo, aceite de coco, aceite de ricino, perejil, pimienta negra, menta, cola de caballo y s\u00e1bila cultivados agroecol\u00f3gicamente por nosotros y aceite esencial de menta.<\/p>\n<\/div>\n<\/div>\n<div class=\"sku\">\n<p><strong>Presentaci\u00f3n:\u00a0<\/strong>Botella PET reciclable de 500ml con dispensador.<\/p>\n<\/div>\n","protected":false},"excerpt":{"rendered":"<p><span class=\"s1\">Para cabello delgado, puntas estropeadas o con crecimiento lento. Especial p<\/span><span class=\"s1\">ara fortalecer el cabello d\u00e9bil o fr\u00e1gil de cualquier tono y para estimular su crecimiento.<\/span><span class=\"s1\">\u00a0<\/span><span class=\"s1\">100% vegano y natural.<\/span><\/p>\n<p>&nbsp;<\/p>\n","protected":false},"featured_media":93,"comment_status":"open","ping_status":"closed","template":"","meta":[],"product_brand":[],"product_cat":[27,18,28],"product_tag":[151,179,30,29,198,34,33],"class_list":{"0":"post-100","1":"product","2":"type-product","3":"status-publish","4":"has-post-thumbnail","6":"product_cat-champu-artesanales","7":"product_cat-cuidado-corporal","8":"product_cat-cuidado-del-cabello","9":"product_tag-artesanal","10":"product_tag-cabello-fragil","11":"product_tag-champu","12":"product_tag-cuidado-del-cabello","13":"product_tag-debil","14":"product_tag-menta","15":"product_tag-perejil","17":"first","18":"instock","19":"shipping-taxable","20":"purchasable","21":"product-type-simple"},"_links":{"self":[{"href":"https:\/\/manantialdelasflores.com\/en\/wp-json\/wp\/v2\/product\/100","targetHints":{"allow":["GET"]}}],"collection":[{"href":"https:\/\/manantialdelasflores.com\/en\/wp-json\/wp\/v2\/product"}],"about":[{"href":"https:\/\/manantialdelasflores.com\/en\/wp-json\/wp\/v2\/types\/product"}],"replies":[{"embeddable":true,"href":"https:\/\/manantialdelasflores.com\/en\/wp-json\/wp\/v2\/comments?post=100"}],"wp:featuredmedia":[{"embeddable":true,"href":"https:\/\/manantialdelasflores.com\/en\/wp-json\/wp\/v2\/media\/93"}],"wp:attachment":[{"href":"https:\/\/manantialdelasflores.com\/en\/wp-json\/wp\/v2\/media?parent=100"}],"wp:term":[{"taxonomy":"product_brand","embeddable":true,"href":"https:\/\/manantialdelasflores.com\/en\/wp-json\/wp\/v2\/product_brand?post=100"},{"taxonomy":"product_cat","embeddable":true,"href":"https:\/\/manantialdelasflores.com\/en\/wp-json\/wp\/v2\/product_cat?post=100"},{"taxonomy":"product_tag","embeddable":true,"href":"https:\/\/manantialdelasflores.com\/en\/wp-json\/wp\/v2\/product_tag?post=100"}],"curies":[{"name":"wp","href":"https:\/\/api.w.org\/{rel}","templated":true}]}}