{"id":1006,"date":"2024-02-23T15:28:58","date_gmt":"2024-02-23T15:28:58","guid":{"rendered":"https:\/\/manantialdelasflores.com\/?post_type=product&#038;p=1006"},"modified":"2025-03-19T21:34:20","modified_gmt":"2025-03-19T21:34:20","slug":"galletas-integrales-de-granola","status":"publish","type":"product","link":"https:\/\/manantialdelasflores.com\/en\/shop\/galletas-integrales-de-granola\/","title":{"rendered":"Galletas integrales de granola"},"content":{"rendered":"<p>Desde hace 40 a\u00f1os elaboramos nuestra tradicionales galletas de granola, realmente integrales. Est\u00e1n elaboradas con granos completos, semillas, buenas grasas, moscabado o piloncillo, huevo de rancho, sal del Himalaya y polvo de hornear Manantial de las Flores. Sin aluminio y con arrurruz cultivado por nosotros mismos en el Rancho Agroecol\u00f3gico Agua Escondida. No contiene ni aditivos ni qu\u00edmicos, ni transg\u00e9nicos. Cons\u00famase de inmediato o refrig\u00e9rese.<br \/>\n<strong><br \/>\nIngredientes: <\/strong>Hojuelas de avena, harina integral de trigo, piloncillo, aceite oleico, ajonjol\u00ed, nuez de la india, pasitas, huevo, canela en polvo, polvo de hornear Manantial de las Flores y sal del Himalaya.<\/p>\n<p><strong>Presentaci\u00f3n: <\/strong>Bolsa reciclable con 4 piezas (150 g).<\/p>\n","protected":false},"excerpt":{"rendered":"<p>Deliciosas y muy nutritivas. Ideales para acompa\u00f1ar el caf\u00e9. 100% integrales y naturales.<\/p>\n","protected":false},"featured_media":948,"comment_status":"open","ping_status":"closed","template":"","meta":[],"product_brand":[],"product_cat":[72,409],"product_tag":[410,412,411,175],"class_list":{"0":"post-1006","1":"product","2":"type-product","3":"status-publish","4":"has-post-thumbnail","6":"product_cat-alimentacion","7":"product_cat-panaderia","8":"product_tag-galletas","9":"product_tag-granola","10":"product_tag-integrales","11":"product_tag-natural","13":"first","14":"instock","15":"shipping-taxable","16":"purchasable","17":"product-type-simple"},"_links":{"self":[{"href":"https:\/\/manantialdelasflores.com\/en\/wp-json\/wp\/v2\/product\/1006","targetHints":{"allow":["GET"]}}],"collection":[{"href":"https:\/\/manantialdelasflores.com\/en\/wp-json\/wp\/v2\/product"}],"about":[{"href":"https:\/\/manantialdelasflores.com\/en\/wp-json\/wp\/v2\/types\/product"}],"replies":[{"embeddable":true,"href":"https:\/\/manantialdelasflores.com\/en\/wp-json\/wp\/v2\/comments?post=1006"}],"wp:featuredmedia":[{"embeddable":true,"href":"https:\/\/manantialdelasflores.com\/en\/wp-json\/wp\/v2\/media\/948"}],"wp:attachment":[{"href":"https:\/\/manantialdelasflores.com\/en\/wp-json\/wp\/v2\/media?parent=1006"}],"wp:term":[{"taxonomy":"product_brand","embeddable":true,"href":"https:\/\/manantialdelasflores.com\/en\/wp-json\/wp\/v2\/product_brand?post=1006"},{"taxonomy":"product_cat","embeddable":true,"href":"https:\/\/manantialdelasflores.com\/en\/wp-json\/wp\/v2\/product_cat?post=1006"},{"taxonomy":"product_tag","embeddable":true,"href":"https:\/\/manantialdelasflores.com\/en\/wp-json\/wp\/v2\/product_tag?post=1006"}],"curies":[{"name":"wp","href":"https:\/\/api.w.org\/{rel}","templated":true}]}}