{"id":1008,"date":"2024-02-23T16:21:50","date_gmt":"2024-02-23T16:21:50","guid":{"rendered":"https:\/\/manantialdelasflores.com\/?post_type=product&#038;p=1008"},"modified":"2025-03-19T21:34:20","modified_gmt":"2025-03-19T21:34:20","slug":"galletas-integrales-de-especias","status":"publish","type":"product","link":"https:\/\/manantialdelasflores.com\/en\/shop\/galletas-integrales-de-especias\/","title":{"rendered":"Galletas integrales de especias"},"content":{"rendered":"<p>Nuestras galletas realmente son integrales, est\u00e1n elaboradas con granos completos, semillas, buenas grasas, moscabado o piloncillo, huevo de rancho, sal del Himalaya y polvo de hornear Manantial de las Flores. Sin aluminio y con arrurruz cultivado por nosotros mismos en el Rancho Agroecol\u00f3gico Agua Escondida. No contiene ni aditivos ni qu\u00edmicos, ni transg\u00e9nicos. Cons\u00famase de inmediato o refrig\u00e9rese.<\/p>\n<p><strong>Ingredientes: <\/strong>Harina integral de trigo, mantequilla pura de vaca, piloncillo, nuez pecana, huevo, ron especiado, pimienta gorda, canela en polvo, polvo de hornear Manantial de las Flores y sal del Himalaya.<\/p>\n<p><strong>Presentaci\u00f3n: <\/strong>Bolsa reciclable con 4 piezas (120 g).<\/p>\n","protected":false},"excerpt":{"rendered":"<p>Deliciosas y muy nutritivas. Ideales para acompa\u00f1ar el caf\u00e9. 100% integrales y naturales.<\/p>\n","protected":false},"featured_media":946,"comment_status":"open","ping_status":"closed","template":"","meta":[],"product_brand":[],"product_cat":[72,409],"product_tag":[76,410,411,413,175,414],"class_list":{"0":"post-1008","1":"product","2":"type-product","3":"status-publish","4":"has-post-thumbnail","6":"product_cat-alimentacion","7":"product_cat-panaderia","8":"product_tag-especias","9":"product_tag-galletas","10":"product_tag-integrales","11":"product_tag-macadamia","12":"product_tag-natural","13":"product_tag-nueces","15":"first","16":"instock","17":"shipping-taxable","18":"purchasable","19":"product-type-simple"},"_links":{"self":[{"href":"https:\/\/manantialdelasflores.com\/en\/wp-json\/wp\/v2\/product\/1008","targetHints":{"allow":["GET"]}}],"collection":[{"href":"https:\/\/manantialdelasflores.com\/en\/wp-json\/wp\/v2\/product"}],"about":[{"href":"https:\/\/manantialdelasflores.com\/en\/wp-json\/wp\/v2\/types\/product"}],"replies":[{"embeddable":true,"href":"https:\/\/manantialdelasflores.com\/en\/wp-json\/wp\/v2\/comments?post=1008"}],"wp:featuredmedia":[{"embeddable":true,"href":"https:\/\/manantialdelasflores.com\/en\/wp-json\/wp\/v2\/media\/946"}],"wp:attachment":[{"href":"https:\/\/manantialdelasflores.com\/en\/wp-json\/wp\/v2\/media?parent=1008"}],"wp:term":[{"taxonomy":"product_brand","embeddable":true,"href":"https:\/\/manantialdelasflores.com\/en\/wp-json\/wp\/v2\/product_brand?post=1008"},{"taxonomy":"product_cat","embeddable":true,"href":"https:\/\/manantialdelasflores.com\/en\/wp-json\/wp\/v2\/product_cat?post=1008"},{"taxonomy":"product_tag","embeddable":true,"href":"https:\/\/manantialdelasflores.com\/en\/wp-json\/wp\/v2\/product_tag?post=1008"}],"curies":[{"name":"wp","href":"https:\/\/api.w.org\/{rel}","templated":true}]}}