{"id":1065,"date":"2024-03-16T00:03:58","date_gmt":"2024-03-16T00:03:58","guid":{"rendered":"https:\/\/manantialdelasflores.com\/?post_type=product&#038;p=1065"},"modified":"2025-05-25T12:53:13","modified_gmt":"2025-05-25T12:53:13","slug":"cardamomo-en-polvo","status":"publish","type":"product","link":"https:\/\/manantialdelasflores.com\/en\/shop\/cardamomo-en-polvo\/","title":{"rendered":"Cardamomo en polvo"},"content":{"rendered":"<p>Cultivamos el cardamomo con m\u00e9todos amigables con el medio ambiente y respetando la biodiversidad de nuestro espacio. El fruto es verde y consiste en una c\u00e1psula que contiene varias semillas de color pardo rojizo que se recogen cuando maduran, se secan al sol, se muelen y se envasan para su uso culinario.<\/p>\n<p>Si se van a utilizar en platos salados se deben tostar en seco las semillas, esto acrecienta su sabor especiado. El aroma que exhala es suave, su sabor es m\u00e1s penetrante, de car\u00e1cter c\u00edtrico, aunque recuerda al alcanfor y persiste en la boca durante bastante tiempo produciendo sensaci\u00f3n de calidez. Puede aromatizar tanto platos salados como dulces.<br \/>\n<strong><br \/>\nIngredientes:<\/strong> Elettaria cardamomun (Vainas de cardamomo)<\/p>\n<p><strong>Presentaci\u00f3n:\u00a0<\/strong>Frasco de cristal con 20 g.<\/p>\n","protected":false},"excerpt":{"rendered":"<p>Como condimento sirve para estimular la digesti\u00f3n, para combatir la flatulencia y para despertar el apetito.<\/p>\n","protected":false},"featured_media":0,"comment_status":"open","ping_status":"closed","template":"","meta":[],"product_brand":[],"product_cat":[72,136,227],"product_tag":[231,228],"class_list":{"0":"post-1065","1":"product","2":"type-product","3":"status-publish","5":"product_cat-alimentacion","6":"product_cat-condimentos","7":"product_cat-hierbas-y-especias","8":"product_tag-cardomomo","9":"product_tag-hierbas-y-especias","11":"first","12":"instock","13":"shipping-taxable","14":"purchasable","15":"product-type-simple"},"_links":{"self":[{"href":"https:\/\/manantialdelasflores.com\/en\/wp-json\/wp\/v2\/product\/1065","targetHints":{"allow":["GET"]}}],"collection":[{"href":"https:\/\/manantialdelasflores.com\/en\/wp-json\/wp\/v2\/product"}],"about":[{"href":"https:\/\/manantialdelasflores.com\/en\/wp-json\/wp\/v2\/types\/product"}],"replies":[{"embeddable":true,"href":"https:\/\/manantialdelasflores.com\/en\/wp-json\/wp\/v2\/comments?post=1065"}],"wp:attachment":[{"href":"https:\/\/manantialdelasflores.com\/en\/wp-json\/wp\/v2\/media?parent=1065"}],"wp:term":[{"taxonomy":"product_brand","embeddable":true,"href":"https:\/\/manantialdelasflores.com\/en\/wp-json\/wp\/v2\/product_brand?post=1065"},{"taxonomy":"product_cat","embeddable":true,"href":"https:\/\/manantialdelasflores.com\/en\/wp-json\/wp\/v2\/product_cat?post=1065"},{"taxonomy":"product_tag","embeddable":true,"href":"https:\/\/manantialdelasflores.com\/en\/wp-json\/wp\/v2\/product_tag?post=1065"}],"curies":[{"name":"wp","href":"https:\/\/api.w.org\/{rel}","templated":true}]}}