{"id":1096,"date":"2024-04-01T20:15:37","date_gmt":"2024-04-01T20:15:37","guid":{"rendered":"https:\/\/manantialdelasflores.com\/?post_type=product&#038;p=1096"},"modified":"2025-03-19T21:34:07","modified_gmt":"2025-03-19T21:34:07","slug":"vapor-herbal","status":"publish","type":"product","link":"https:\/\/manantialdelasflores.com\/en\/shop\/vapor-herbal\/","title":{"rendered":"Vapor herbal"},"content":{"rendered":"<p class=\"p1\"><span class=\"s1\">Con la actual contaminaci\u00f3n de las ciudades, es necesario limpiar profundamente la piel: para esto nada mejor que una vaporizaci\u00f3n con una serie de bot\u00e1nicos que no s\u00f3lo limpian sino hidratan, y proveen de nutrientes la piel. Bolsitas conteniendo 20 gramos con instrucciones precisas de uso.<\/span><\/p>\n<p><strong>Ingredientes:<\/strong> lavanda, cal\u00e9ndula, violetas, rosas, geranio, pr\u00edmula, azahares, menta, milenrama y ortiga.<\/p>\n<p><strong>Presentaci\u00f3n:<\/strong> Bolsa de papel kraft con 20 g.<\/p>\n","protected":false},"excerpt":{"rendered":"<p class=\"p1\"><span class=\"s1\">Para limpieza de todo tipo de cutis<\/span><\/p>\n","protected":false},"featured_media":779,"comment_status":"open","ping_status":"closed","template":"","meta":[],"product_brand":[],"product_cat":[18,217,111],"product_tag":[424,44,62,423],"class_list":{"0":"post-1096","1":"product","2":"type-product","3":"status-publish","4":"has-post-thumbnail","6":"product_cat-cuidado-corporal","7":"product_cat-cuidado-de-la-piel","8":"product_cat-limpieza-corporal","9":"product_tag-herbal","10":"product_tag-lavanda","11":"product_tag-limpiadora","12":"product_tag-vapor","14":"first","15":"instock","16":"shipping-taxable","17":"purchasable","18":"product-type-simple"},"_links":{"self":[{"href":"https:\/\/manantialdelasflores.com\/en\/wp-json\/wp\/v2\/product\/1096","targetHints":{"allow":["GET"]}}],"collection":[{"href":"https:\/\/manantialdelasflores.com\/en\/wp-json\/wp\/v2\/product"}],"about":[{"href":"https:\/\/manantialdelasflores.com\/en\/wp-json\/wp\/v2\/types\/product"}],"replies":[{"embeddable":true,"href":"https:\/\/manantialdelasflores.com\/en\/wp-json\/wp\/v2\/comments?post=1096"}],"wp:featuredmedia":[{"embeddable":true,"href":"https:\/\/manantialdelasflores.com\/en\/wp-json\/wp\/v2\/media\/779"}],"wp:attachment":[{"href":"https:\/\/manantialdelasflores.com\/en\/wp-json\/wp\/v2\/media?parent=1096"}],"wp:term":[{"taxonomy":"product_brand","embeddable":true,"href":"https:\/\/manantialdelasflores.com\/en\/wp-json\/wp\/v2\/product_brand?post=1096"},{"taxonomy":"product_cat","embeddable":true,"href":"https:\/\/manantialdelasflores.com\/en\/wp-json\/wp\/v2\/product_cat?post=1096"},{"taxonomy":"product_tag","embeddable":true,"href":"https:\/\/manantialdelasflores.com\/en\/wp-json\/wp\/v2\/product_tag?post=1096"}],"curies":[{"name":"wp","href":"https:\/\/api.w.org\/{rel}","templated":true}]}}