{"id":1139,"date":"2023-03-31T15:33:12","date_gmt":"2023-03-31T15:33:12","guid":{"rendered":"https:\/\/manantialdelasflores.com\/?post_type=product&#038;p=1139"},"modified":"2025-03-19T21:34:49","modified_gmt":"2025-03-19T21:34:49","slug":"jengibre-en-capsulas","status":"publish","type":"product","link":"https:\/\/manantialdelasflores.com\/en\/shop\/jengibre-en-capsulas\/","title":{"rendered":"Jengibre en polvo (c\u00e1psulas)"},"content":{"rendered":"<p>Tomarse en medio de los alimentos (nunca antes) para los padecimientos que indicamos: Para prevenir los mareos durante los viajes: tomar 1 c\u00e1psula 2 horas antes de viajar. Para la mala digesti\u00f3n, estimula los movimientos perist\u00e1lticos del intestino y el tono de su musculatura, evita la flatulencia, n\u00e1useas y c\u00f3licos en est\u00f3mago e intestinos tomar 1 c\u00e1psula en medio de los alimentos de las 3 comidas del d\u00eda. Para ayudar a mejorar la circulaci\u00f3n sangu\u00ednea, especialmente de las piernas, tomar 3 c\u00e1psulas al d\u00eda de igual manera que la anterior. Para estimular el p\u00e1ncreas aumentando la producci\u00f3n de enzimas y en casos de infecciones bacterianas como Escherichia coli, Protus vulgaris, Salmonella, Staphylococcus aureus y streptococcus viridans, 3 c\u00e1psulas al d\u00eda como se ha indicado. Como antiinflamatorio para coadyuvar en los dolores reum\u00e1ticos, artr\u00edticos y musculares, tomar la misma dosis recomendada. Para padecimientos del \u00e1rbol respiratorio tomar 2 c\u00e1psulas en cada comida como se indica anteriormente. No tomar durante el embarazo o lactancia. Evitar cuando se padecen c\u00e1lculos biliares o \u00falcera gastroduodenal y cuando se toman medicamentos anticoagulantes, anti-diab\u00e9ticos y anti hipertensi\u00f3n.<br \/>\n<strong><br \/>\nIngredientes: <\/strong> Jengibre (Zingiber officinale) deshidratado y molido<\/p>\n<p><strong>Presentaci\u00f3n:\u00a0<\/strong>Frasco PET con 250 c\u00e1psulas. Cada c\u00e1psula contiene 450 mg.<\/p>\n","protected":false},"excerpt":{"rendered":"<p>Para la mala digesti\u00f3n, ayuda a mejorar la circulaci\u00f3n sangu\u00ednea, y antiinflamatorio para coadyuvar en los dolores reum\u00e1ticos, artr\u00edticos y musculares.<\/p>\n","protected":false},"featured_media":1085,"comment_status":"open","ping_status":"closed","template":"","meta":[],"product_brand":[],"product_cat":[72,132],"product_tag":[206,430,36,235,254],"class_list":{"0":"post-1139","1":"product","2":"type-product","3":"status-publish","4":"has-post-thumbnail","6":"product_cat-alimentacion","7":"product_cat-suplementos-alimenticios","8":"product_tag-anti-inflamatorio","9":"product_tag-antioxidante","10":"product_tag-curcuma","11":"product_tag-deshidratada","12":"product_tag-pimienta-negra","14":"first","15":"instock","16":"shipping-taxable","17":"purchasable","18":"product-type-simple"},"_links":{"self":[{"href":"https:\/\/manantialdelasflores.com\/en\/wp-json\/wp\/v2\/product\/1139","targetHints":{"allow":["GET"]}}],"collection":[{"href":"https:\/\/manantialdelasflores.com\/en\/wp-json\/wp\/v2\/product"}],"about":[{"href":"https:\/\/manantialdelasflores.com\/en\/wp-json\/wp\/v2\/types\/product"}],"replies":[{"embeddable":true,"href":"https:\/\/manantialdelasflores.com\/en\/wp-json\/wp\/v2\/comments?post=1139"}],"wp:featuredmedia":[{"embeddable":true,"href":"https:\/\/manantialdelasflores.com\/en\/wp-json\/wp\/v2\/media\/1085"}],"wp:attachment":[{"href":"https:\/\/manantialdelasflores.com\/en\/wp-json\/wp\/v2\/media?parent=1139"}],"wp:term":[{"taxonomy":"product_brand","embeddable":true,"href":"https:\/\/manantialdelasflores.com\/en\/wp-json\/wp\/v2\/product_brand?post=1139"},{"taxonomy":"product_cat","embeddable":true,"href":"https:\/\/manantialdelasflores.com\/en\/wp-json\/wp\/v2\/product_cat?post=1139"},{"taxonomy":"product_tag","embeddable":true,"href":"https:\/\/manantialdelasflores.com\/en\/wp-json\/wp\/v2\/product_tag?post=1139"}],"curies":[{"name":"wp","href":"https:\/\/api.w.org\/{rel}","templated":true}]}}