{"id":1140,"date":"2023-03-31T15:43:38","date_gmt":"2023-03-31T15:43:38","guid":{"rendered":"https:\/\/manantialdelasflores.com\/?post_type=product&#038;p=1140"},"modified":"2026-02-04T15:36:32","modified_gmt":"2026-02-04T15:36:32","slug":"curcuma-y-pimienta-negra-100-capsulas","status":"publish","type":"product","link":"https:\/\/manantialdelasflores.com\/en\/shop\/curcuma-y-pimienta-negra-100-capsulas\/","title":{"rendered":"C\u00farcuma y pimienta negra 100 c\u00e1psulas"},"content":{"rendered":"<p>En la tradici\u00f3n ayurveda la c\u00farcuma adicionada con pimienta negra incrementa sus capacidades curativas. Fortalece la digesti\u00f3n, desinflama el col\u00f3n, mejora la flora intestinal, ayuda en la digesti\u00f3n de las prote\u00ednas y en la asimilaci\u00f3n de los nutrientes (ayudando en casos de anemia), inhibe la formaci\u00f3n de c\u00e9lulas cancerosas en el estomago ayuda en la eliminaci\u00f3n de los gases. Para la bursitis, artritis y el reumatismo es una ayuda invaluable, ya que ayuda a desinflamar y puede tener la misma acci\u00f3n que la cortisona. Protege al h\u00edgado sano de numerosos compuestos t\u00f3xicos y lo tonifica. Es un magn\u00edfico antibi\u00f3tico y purifica la sangre. Su capacidad antioxidante es 5 veces m\u00e1s potente que la Vitamina E y protege de los radicales libres manteniendo j\u00f3venes las c\u00e9lulas por su habilidad de regenerarlas. Investigaciones recientes la colocan como insuperable para casos de Alzheimer y Parkinson. No consumir durante el embarazo, o si tiene ictericia aguda, hepatitis, hiperacidez, ulcera gastroduodenal, estancamiento de la sangre, y suspender 10 d\u00edas\u00a0 antes de una operaci\u00f3n quir\u00fargica y consumer hasta 20 d\u00edas despu\u00e9s.<br \/>\n<strong><br \/>\nIngredientes: <\/strong>\u00a0Curcuma longa (C\u00farcuma) \u00a0y pimienta negra (piper nigra) deshidratadas y molidas.<\/p>\n<p><strong>Presentaci\u00f3n:\u00a0<\/strong>Frasco PET con 100 c\u00e1psulas. Cada c\u00e1psula contiene 500 mg.<\/p>\n","protected":false},"excerpt":{"rendered":"<p>Energetizante, fortalece la digesti\u00f3n, poderoso antioxidante, antiinflamatorio, antibacteriano y anti cancer\u00edgeno.\u00a0<strong><br \/>\n<\/strong><\/p>\n","protected":false},"featured_media":1090,"comment_status":"open","ping_status":"closed","template":"","meta":[],"product_brand":[],"product_cat":[72,132],"product_tag":[206,430,36,235,254],"class_list":{"0":"post-1140","1":"product","2":"type-product","3":"status-publish","4":"has-post-thumbnail","6":"product_cat-alimentacion","7":"product_cat-suplementos-alimenticios","8":"product_tag-anti-inflamatorio","9":"product_tag-antioxidante","10":"product_tag-curcuma","11":"product_tag-deshidratada","12":"product_tag-pimienta-negra","14":"first","15":"outofstock","16":"shipping-taxable","17":"purchasable","18":"product-type-simple"},"_links":{"self":[{"href":"https:\/\/manantialdelasflores.com\/en\/wp-json\/wp\/v2\/product\/1140","targetHints":{"allow":["GET"]}}],"collection":[{"href":"https:\/\/manantialdelasflores.com\/en\/wp-json\/wp\/v2\/product"}],"about":[{"href":"https:\/\/manantialdelasflores.com\/en\/wp-json\/wp\/v2\/types\/product"}],"replies":[{"embeddable":true,"href":"https:\/\/manantialdelasflores.com\/en\/wp-json\/wp\/v2\/comments?post=1140"}],"wp:featuredmedia":[{"embeddable":true,"href":"https:\/\/manantialdelasflores.com\/en\/wp-json\/wp\/v2\/media\/1090"}],"wp:attachment":[{"href":"https:\/\/manantialdelasflores.com\/en\/wp-json\/wp\/v2\/media?parent=1140"}],"wp:term":[{"taxonomy":"product_brand","embeddable":true,"href":"https:\/\/manantialdelasflores.com\/en\/wp-json\/wp\/v2\/product_brand?post=1140"},{"taxonomy":"product_cat","embeddable":true,"href":"https:\/\/manantialdelasflores.com\/en\/wp-json\/wp\/v2\/product_cat?post=1140"},{"taxonomy":"product_tag","embeddable":true,"href":"https:\/\/manantialdelasflores.com\/en\/wp-json\/wp\/v2\/product_tag?post=1140"}],"curies":[{"name":"wp","href":"https:\/\/api.w.org\/{rel}","templated":true}]}}