{"id":1150,"date":"2024-03-31T16:47:21","date_gmt":"2024-03-31T16:47:21","guid":{"rendered":"https:\/\/manantialdelasflores.com\/?post_type=product&#038;p=1150"},"modified":"2025-03-19T21:34:10","modified_gmt":"2025-03-19T21:34:10","slug":"splash-primaveral-azahares","status":"publish","type":"product","link":"https:\/\/manantialdelasflores.com\/en\/shop\/splash-primaveral-azahares\/","title":{"rendered":"Splash Primaveral Azahares"},"content":{"rendered":"<div class=\"sku\">\n<p class=\"p1\"><span class=\"s1\">En nuestro bello espacio, cultivamos una gran variedad de c\u00edtricos: Lim\u00f3n, mandarina, naranja dulce, toronja y m\u00e1s. Destilamos sus flores y c\u00e1scaras frescas para extraer de ellas todo su aroma y beneficios que proporcionan a la piel por su rico contenido de Vitamina C y bioflavonoides. A\u00f1adimos aceites esenciales puros de nerol\u00ed, mandarina, naranja, Petitgrain y salvia sclarea, agregamos aceite de semilla de toronja como conservador y lo embotellamos para tu deleite y de los que te rodean.<\/p>\n<p><\/span><strong>Ingredientes:<\/strong> \u00a0Agua destilada de azahares org\u00e1nicos cultivados en el Rancho Agroecol\u00f3gico Agua Escondida, aceites esenciales de neroli, mandarina, naranja, petigrain, salvia sclarea, vodka y aceite de semilla de toronja org\u00e1nica.<\/p>\n<p><strong>Presentaci\u00f3n:<\/strong>\u00a0frasco de 100 ml con aspersor.<\/p>\n<\/div>\n<div class=\"sku\"><\/div>\n","protected":false},"excerpt":{"rendered":"<p class=\"p1\"><span class=\"s1\">Agua refrescante para despu\u00e9s del ba\u00f1o. <\/span><span class=\"s1\">Aroma frutal, fresco, limpio, dulce y especiado. Relajante para todos los sexos.<\/span><\/p>\n","protected":false},"featured_media":1095,"comment_status":"open","ping_status":"closed","template":"","meta":[],"product_brand":[],"product_cat":[18,432],"product_tag":[144,377,435,452,433],"class_list":{"0":"post-1150","1":"product","2":"type-product","3":"status-publish","4":"has-post-thumbnail","6":"product_cat-cuidado-corporal","7":"product_cat-perfumeria","8":"product_tag-agua-destilada","9":"product_tag-azahares","10":"product_tag-perfume","11":"product_tag-primaveral","12":"product_tag-splash","14":"first","15":"instock","16":"shipping-taxable","17":"purchasable","18":"product-type-simple"},"_links":{"self":[{"href":"https:\/\/manantialdelasflores.com\/en\/wp-json\/wp\/v2\/product\/1150","targetHints":{"allow":["GET"]}}],"collection":[{"href":"https:\/\/manantialdelasflores.com\/en\/wp-json\/wp\/v2\/product"}],"about":[{"href":"https:\/\/manantialdelasflores.com\/en\/wp-json\/wp\/v2\/types\/product"}],"replies":[{"embeddable":true,"href":"https:\/\/manantialdelasflores.com\/en\/wp-json\/wp\/v2\/comments?post=1150"}],"wp:featuredmedia":[{"embeddable":true,"href":"https:\/\/manantialdelasflores.com\/en\/wp-json\/wp\/v2\/media\/1095"}],"wp:attachment":[{"href":"https:\/\/manantialdelasflores.com\/en\/wp-json\/wp\/v2\/media?parent=1150"}],"wp:term":[{"taxonomy":"product_brand","embeddable":true,"href":"https:\/\/manantialdelasflores.com\/en\/wp-json\/wp\/v2\/product_brand?post=1150"},{"taxonomy":"product_cat","embeddable":true,"href":"https:\/\/manantialdelasflores.com\/en\/wp-json\/wp\/v2\/product_cat?post=1150"},{"taxonomy":"product_tag","embeddable":true,"href":"https:\/\/manantialdelasflores.com\/en\/wp-json\/wp\/v2\/product_tag?post=1150"}],"curies":[{"name":"wp","href":"https:\/\/api.w.org\/{rel}","templated":true}]}}