{"id":1151,"date":"2024-03-29T17:08:20","date_gmt":"2024-03-29T17:08:20","guid":{"rendered":"https:\/\/manantialdelasflores.com\/?post_type=product&#038;p=1151"},"modified":"2025-03-19T21:34:12","modified_gmt":"2025-03-19T21:34:12","slug":"crema-corporal-hidratante","status":"publish","type":"product","link":"https:\/\/manantialdelasflores.com\/en\/shop\/crema-corporal-hidratante\/","title":{"rendered":"Crema corporal hidratante"},"content":{"rendered":"<p class=\"p1\"><span class=\"s1\">Nuestra crema para el cuerpo es una leche suave que se puede extender f\u00e1cilmente por todo el cuerpo despu\u00e9s del ba\u00f1o. Nutre, suaviza y humecta la piel adem\u00e1s de proporcionar un exquisito aroma. <\/span>Se aplica con la piel ligeramente h\u00fameda para mejor absorci\u00f3n y usar peque\u00f1as cantidades.<\/p>\n<p><strong>Ingredientes:<\/strong> Aceite de jojoba, aceite de oliva prensado en fr\u00edo,aceite de aguacate, mateca de Karit\u00e9, aguas destiladasde plantas org\u00e1nicas geranio, primula, petit grain, t\u00e9 verde, s\u00e1bila org\u00e1nica, gliserina vegetal, extracto de equinacea, gliserina vegetal, vitamina E.<\/p>\n<p><strong>Presentaci\u00f3n:<\/strong> Botella PET con 120 ml.<\/p>\n","protected":false},"excerpt":{"rendered":"<p class=\"p1\">Para hidratar la piel del cuerpo desp\u00faes del ba\u00f1o<\/p>\n","protected":false},"featured_media":0,"comment_status":"open","ping_status":"closed","template":"","meta":[],"product_brand":[],"product_cat":[50,18,217],"product_tag":[173,446,58,448,20,447,62],"class_list":{"0":"post-1151","1":"product","2":"type-product","3":"status-publish","5":"product_cat-cremas","6":"product_cat-cuidado-corporal","7":"product_cat-cuidado-de-la-piel","8":"product_tag-bano","9":"product_tag-corporal","10":"product_tag-crema","11":"product_tag-cuerpo","12":"product_tag-geranio","13":"product_tag-hifratante","14":"product_tag-limpiadora","16":"first","17":"instock","18":"shipping-taxable","19":"purchasable","20":"product-type-simple"},"_links":{"self":[{"href":"https:\/\/manantialdelasflores.com\/en\/wp-json\/wp\/v2\/product\/1151","targetHints":{"allow":["GET"]}}],"collection":[{"href":"https:\/\/manantialdelasflores.com\/en\/wp-json\/wp\/v2\/product"}],"about":[{"href":"https:\/\/manantialdelasflores.com\/en\/wp-json\/wp\/v2\/types\/product"}],"replies":[{"embeddable":true,"href":"https:\/\/manantialdelasflores.com\/en\/wp-json\/wp\/v2\/comments?post=1151"}],"wp:attachment":[{"href":"https:\/\/manantialdelasflores.com\/en\/wp-json\/wp\/v2\/media?parent=1151"}],"wp:term":[{"taxonomy":"product_brand","embeddable":true,"href":"https:\/\/manantialdelasflores.com\/en\/wp-json\/wp\/v2\/product_brand?post=1151"},{"taxonomy":"product_cat","embeddable":true,"href":"https:\/\/manantialdelasflores.com\/en\/wp-json\/wp\/v2\/product_cat?post=1151"},{"taxonomy":"product_tag","embeddable":true,"href":"https:\/\/manantialdelasflores.com\/en\/wp-json\/wp\/v2\/product_tag?post=1151"}],"curies":[{"name":"wp","href":"https:\/\/api.w.org\/{rel}","templated":true}]}}