{"id":1165,"date":"2024-04-01T13:05:05","date_gmt":"2024-04-01T13:05:05","guid":{"rendered":"https:\/\/manantialdelasflores.com\/?post_type=product&#038;p=1165"},"modified":"2025-03-19T21:34:09","modified_gmt":"2025-03-19T21:34:09","slug":"semilla-de-perejil-italiano","status":"publish","type":"product","link":"https:\/\/manantialdelasflores.com\/en\/shop\/semilla-de-perejil-italiano\/","title":{"rendered":"Semilla de perejil italiano"},"content":{"rendered":"<p><span class=\"s1\"><strong>Uso: <\/strong>Las semillas de perejil tardan en germinar m\u00e1s de 15 d\u00edas como la mayor de las umbel\u00edferas. Es mejor sembrar en alm\u00e1cigo y trasplantar a 40 cm de distancia. Necesita abono y humedad .Cortar sus ramitas constantemente a medida que se necesiten para que no se formen flores muy pronto y cese su producci\u00f3n.<\/span><\/p>\n<p><strong>Ingredientes:<\/strong> Petroselinum crispum<\/p>\n<p><strong>Contenido:<\/strong> 200 semillas<\/p>\n","protected":false},"excerpt":{"rendered":"<p class=\"p1\">El perejil italiano en una deliciosa hierba culinaria muy popular en casi todas las cocinas. Esta variedad tiene hojas planas y sirve para usarse crudo o cocido en una gran variedad de platillos. Es rico en vitaminas.<\/p>\n","protected":false},"featured_media":1182,"comment_status":"open","ping_status":"closed","template":"","meta":[],"product_brand":[],"product_cat":[464,325,326],"product_tag":[455,454,33,327],"class_list":{"0":"post-1165","1":"product","2":"type-product","3":"status-publish","4":"has-post-thumbnail","6":"product_cat-hierbas-culinarias","7":"product_cat-jardin","8":"product_cat-semillas","9":"product_tag-hierba","10":"product_tag-italiano","11":"product_tag-perejil","12":"product_tag-semillas","14":"first","15":"instock","16":"shipping-taxable","17":"purchasable","18":"product-type-simple"},"_links":{"self":[{"href":"https:\/\/manantialdelasflores.com\/en\/wp-json\/wp\/v2\/product\/1165","targetHints":{"allow":["GET"]}}],"collection":[{"href":"https:\/\/manantialdelasflores.com\/en\/wp-json\/wp\/v2\/product"}],"about":[{"href":"https:\/\/manantialdelasflores.com\/en\/wp-json\/wp\/v2\/types\/product"}],"replies":[{"embeddable":true,"href":"https:\/\/manantialdelasflores.com\/en\/wp-json\/wp\/v2\/comments?post=1165"}],"wp:featuredmedia":[{"embeddable":true,"href":"https:\/\/manantialdelasflores.com\/en\/wp-json\/wp\/v2\/media\/1182"}],"wp:attachment":[{"href":"https:\/\/manantialdelasflores.com\/en\/wp-json\/wp\/v2\/media?parent=1165"}],"wp:term":[{"taxonomy":"product_brand","embeddable":true,"href":"https:\/\/manantialdelasflores.com\/en\/wp-json\/wp\/v2\/product_brand?post=1165"},{"taxonomy":"product_cat","embeddable":true,"href":"https:\/\/manantialdelasflores.com\/en\/wp-json\/wp\/v2\/product_cat?post=1165"},{"taxonomy":"product_tag","embeddable":true,"href":"https:\/\/manantialdelasflores.com\/en\/wp-json\/wp\/v2\/product_tag?post=1165"}],"curies":[{"name":"wp","href":"https:\/\/api.w.org\/{rel}","templated":true}]}}