{"id":1169,"date":"2024-04-01T13:50:33","date_gmt":"2024-04-01T13:50:33","guid":{"rendered":"https:\/\/manantialdelasflores.com\/?post_type=product&#038;p=1169"},"modified":"2025-03-19T21:34:08","modified_gmt":"2025-03-19T21:34:08","slug":"semilla-de-arugula","status":"publish","type":"product","link":"https:\/\/manantialdelasflores.com\/en\/shop\/semilla-de-arugula\/","title":{"rendered":"Semilla de ar\u00fagula"},"content":{"rendered":"<p><span class=\"s1\"><strong>Uso:<\/strong> <\/span>Sembrar sucesivamente cada 15 d\u00edas desde el oto\u00f1o hasta marzo para tener una constante provisi\u00f3n, primero en alm\u00e1cigo y luego en la cama definitiva a unos 20 cm de distancia. Abonar al trasplantar y conservar la humedad.<\/p>\n<p><strong>Ingredientes:<\/strong> Eruca sativa<\/p>\n<p><strong>Contenido:<\/strong> 200 semillas<\/p>\n","protected":false},"excerpt":{"rendered":"<p class=\"p1\">Las hojas tiernas de la ar\u00fagula son deliciosas en ensalada, ricas en vitaminas C y A, su sabor apimentado le da un contraste exquisito a la lechuga y se pueden empezar a cosechar desde que miden 8 cm de largo. Cuando empieza a florear utiliza las flores en lugar de las hojas que ya amargan.<\/p>\n","protected":false},"featured_media":1178,"comment_status":"open","ping_status":"closed","template":"","meta":[],"product_brand":[],"product_cat":[325,326,466],"product_tag":[458,455,327],"class_list":{"0":"post-1169","1":"product","2":"type-product","3":"status-publish","4":"has-post-thumbnail","6":"product_cat-jardin","7":"product_cat-semillas","8":"product_cat-verduras-y-vegetales","9":"product_tag-arugula","10":"product_tag-hierba","11":"product_tag-semillas","13":"first","14":"instock","15":"shipping-taxable","16":"purchasable","17":"product-type-simple"},"_links":{"self":[{"href":"https:\/\/manantialdelasflores.com\/en\/wp-json\/wp\/v2\/product\/1169","targetHints":{"allow":["GET"]}}],"collection":[{"href":"https:\/\/manantialdelasflores.com\/en\/wp-json\/wp\/v2\/product"}],"about":[{"href":"https:\/\/manantialdelasflores.com\/en\/wp-json\/wp\/v2\/types\/product"}],"replies":[{"embeddable":true,"href":"https:\/\/manantialdelasflores.com\/en\/wp-json\/wp\/v2\/comments?post=1169"}],"wp:featuredmedia":[{"embeddable":true,"href":"https:\/\/manantialdelasflores.com\/en\/wp-json\/wp\/v2\/media\/1178"}],"wp:attachment":[{"href":"https:\/\/manantialdelasflores.com\/en\/wp-json\/wp\/v2\/media?parent=1169"}],"wp:term":[{"taxonomy":"product_brand","embeddable":true,"href":"https:\/\/manantialdelasflores.com\/en\/wp-json\/wp\/v2\/product_brand?post=1169"},{"taxonomy":"product_cat","embeddable":true,"href":"https:\/\/manantialdelasflores.com\/en\/wp-json\/wp\/v2\/product_cat?post=1169"},{"taxonomy":"product_tag","embeddable":true,"href":"https:\/\/manantialdelasflores.com\/en\/wp-json\/wp\/v2\/product_tag?post=1169"}],"curies":[{"name":"wp","href":"https:\/\/api.w.org\/{rel}","templated":true}]}}