{"id":120,"date":"2022-11-23T16:38:47","date_gmt":"2022-11-23T16:38:47","guid":{"rendered":"https:\/\/manantialdelasflores.com\/?post_type=product&#038;p=120"},"modified":"2025-03-19T21:34:59","modified_gmt":"2025-03-19T21:34:59","slug":"enjuague-acondicionador-cabello-claro","status":"publish","type":"product","link":"https:\/\/manantialdelasflores.com\/en\/shop\/enjuague-acondicionador-cabello-claro\/","title":{"rendered":"Enjuague acondicionador cabello claro"},"content":{"rendered":"<div class=\"short-description\">\n<div>\n<p class=\"p1\"><span class=\"s1\">Para completar la labor de limpieza del champ\u00fa, nuestro enjuague acondicionador concentrado en base de vinagre de manzana con bot\u00e1nicos org\u00e1nicos da fuerza y brillo al cabello. <\/span>Cualidad arom\u00e1tica: equilibrador. <span class=\"s1\">Se utiliza disuelto en agua (1 cucharada sopera de acondicionador en medio litro de agua), como \u00faltimo enjuague, no se retira, tu cabello y tu \u00e1nimo mantendr\u00e1n as\u00ed las cualidades arom\u00e1ticas de los aceites esenciales. Cuando el tiempo te lo permita, deja secar naturalmente el cabello pues la secadora lo reseca mucho.<br \/>\n<\/span><br \/>\n<strong>Ingredientes:<\/strong> Vinagre de manzana, c\u00farcuma, manzanilla, cal\u00e9ndula, zacate lim\u00f3n y pachuli cultivadas por nosotros, aceite de semilla de toronja y aceite esencial de lim\u00f3n.<\/p>\n<p><strong>Presentaci\u00f3n:<\/strong> Botella de PET de 250ml.<\/p>\n<\/div>\n<\/div>\n","protected":false},"excerpt":{"rendered":"<p>Para mantener el cabello rubio claro, luminoso y suave. Mantiene limpio el cuero cabelludo. 100% vegano y natural.<\/p>\n","protected":false},"featured_media":116,"comment_status":"open","ping_status":"closed","template":"","meta":[],"product_brand":[],"product_cat":[41,18,28],"product_tag":[42,29,35],"class_list":{"0":"post-120","1":"product","2":"type-product","3":"status-publish","4":"has-post-thumbnail","6":"product_cat-acondicionador","7":"product_cat-cuidado-corporal","8":"product_cat-cuidado-del-cabello","9":"product_tag-acondicionador","10":"product_tag-cuidado-del-cabello","11":"product_tag-manzanilla","13":"first","14":"instock","15":"shipping-taxable","16":"purchasable","17":"product-type-simple"},"_links":{"self":[{"href":"https:\/\/manantialdelasflores.com\/en\/wp-json\/wp\/v2\/product\/120","targetHints":{"allow":["GET"]}}],"collection":[{"href":"https:\/\/manantialdelasflores.com\/en\/wp-json\/wp\/v2\/product"}],"about":[{"href":"https:\/\/manantialdelasflores.com\/en\/wp-json\/wp\/v2\/types\/product"}],"replies":[{"embeddable":true,"href":"https:\/\/manantialdelasflores.com\/en\/wp-json\/wp\/v2\/comments?post=120"}],"wp:featuredmedia":[{"embeddable":true,"href":"https:\/\/manantialdelasflores.com\/en\/wp-json\/wp\/v2\/media\/116"}],"wp:attachment":[{"href":"https:\/\/manantialdelasflores.com\/en\/wp-json\/wp\/v2\/media?parent=120"}],"wp:term":[{"taxonomy":"product_brand","embeddable":true,"href":"https:\/\/manantialdelasflores.com\/en\/wp-json\/wp\/v2\/product_brand?post=120"},{"taxonomy":"product_cat","embeddable":true,"href":"https:\/\/manantialdelasflores.com\/en\/wp-json\/wp\/v2\/product_cat?post=120"},{"taxonomy":"product_tag","embeddable":true,"href":"https:\/\/manantialdelasflores.com\/en\/wp-json\/wp\/v2\/product_tag?post=120"}],"curies":[{"name":"wp","href":"https:\/\/api.w.org\/{rel}","templated":true}]}}