{"id":122,"date":"2022-11-23T16:52:36","date_gmt":"2022-11-23T16:52:36","guid":{"rendered":"https:\/\/manantialdelasflores.com\/?post_type=product&#038;p=122"},"modified":"2025-03-19T21:34:59","modified_gmt":"2025-03-19T21:34:59","slug":"enjuague-acondicionador-cabello-oscuro","status":"publish","type":"product","link":"https:\/\/manantialdelasflores.com\/en\/shop\/enjuague-acondicionador-cabello-oscuro\/","title":{"rendered":"Enjuague acondicionador cabello oscuro"},"content":{"rendered":"<div class=\"short-description\">\n<div class=\"sku\">\n<p>Cualidad arom\u00e1tica: energ\u00e9tico. Se utiliza disuelto en agua (1 cucharada sopera de acondicionador en medio litro de agua) como \u00faltimo enjuague, no se retira, tu cabello y tu \u00e1nimo mantendr\u00e1n as\u00ed las cualidades arom\u00e1ticas de los aceites esenciales. Cuando el tiempo te lo permita, deja secar naturalmente el cabello pues la secadora lo reseca mucho.<\/p>\n<p><strong>Ingredientes:<\/strong> Vinagre de manzana, albahaca, romero, hiedra, ortiga, zacate lim\u00f3n, pachuli y frutilla de sa\u00faco org\u00e1nicas, aceite de semilla de toronja y aceite esencial de romero.<\/p>\n<p><strong>Presentaci\u00f3n:<\/strong> Botella de PET de 250ml.<\/p>\n<\/div>\n<\/div>\n","protected":false},"excerpt":{"rendered":"<p>Para mantener el cabello casta\u00f1o y negro con su color, desenredado, suave, y brillante. 100% vegano y natural.<\/p>\n","protected":false},"featured_media":117,"comment_status":"open","ping_status":"closed","template":"","meta":[],"product_brand":[],"product_cat":[41,18,28],"product_tag":[42,180,29,32],"class_list":{"0":"post-122","1":"product","2":"type-product","3":"status-publish","4":"has-post-thumbnail","6":"product_cat-acondicionador","7":"product_cat-cuidado-corporal","8":"product_cat-cuidado-del-cabello","9":"product_tag-acondicionador","10":"product_tag-cabello-oscuro","11":"product_tag-cuidado-del-cabello","12":"product_tag-romero","14":"first","15":"instock","16":"shipping-taxable","17":"purchasable","18":"product-type-simple"},"_links":{"self":[{"href":"https:\/\/manantialdelasflores.com\/en\/wp-json\/wp\/v2\/product\/122","targetHints":{"allow":["GET"]}}],"collection":[{"href":"https:\/\/manantialdelasflores.com\/en\/wp-json\/wp\/v2\/product"}],"about":[{"href":"https:\/\/manantialdelasflores.com\/en\/wp-json\/wp\/v2\/types\/product"}],"replies":[{"embeddable":true,"href":"https:\/\/manantialdelasflores.com\/en\/wp-json\/wp\/v2\/comments?post=122"}],"wp:featuredmedia":[{"embeddable":true,"href":"https:\/\/manantialdelasflores.com\/en\/wp-json\/wp\/v2\/media\/117"}],"wp:attachment":[{"href":"https:\/\/manantialdelasflores.com\/en\/wp-json\/wp\/v2\/media?parent=122"}],"wp:term":[{"taxonomy":"product_brand","embeddable":true,"href":"https:\/\/manantialdelasflores.com\/en\/wp-json\/wp\/v2\/product_brand?post=122"},{"taxonomy":"product_cat","embeddable":true,"href":"https:\/\/manantialdelasflores.com\/en\/wp-json\/wp\/v2\/product_cat?post=122"},{"taxonomy":"product_tag","embeddable":true,"href":"https:\/\/manantialdelasflores.com\/en\/wp-json\/wp\/v2\/product_tag?post=122"}],"curies":[{"name":"wp","href":"https:\/\/api.w.org\/{rel}","templated":true}]}}