{"id":1287,"date":"2024-08-01T23:45:09","date_gmt":"2024-08-01T23:45:09","guid":{"rendered":"https:\/\/manantialdelasflores.com\/?post_type=product&#038;p=1287"},"modified":"2025-03-25T17:19:56","modified_gmt":"2025-03-25T17:19:56","slug":"chile-habanero","status":"publish","type":"product","link":"https:\/\/manantialdelasflores.com\/en\/shop\/chile-habanero\/","title":{"rendered":"Semilla de Chile Habanero"},"content":{"rendered":"<p>(Capsicum chinense)<\/p>\n<p>El m\u00e1s picante de todas las variedades, Chile de tama\u00f1o medio de color anaranjado vivo que se da bien en sitios calurosos o en invernadero. Las matas, de poca altura pueden conservarse a\u00f1o tras a\u00f1o si se podan los tallos secos. Muy productivo.<\/p>\n<p><strong>M\u00e9todo de siembra:<\/strong> Sembrar en alm\u00e1cigo en la primavera y trasplantar a 35cm de distancia con suficiente abono y riego. Manteniendo abonada, h\u00fameda y acolchada la planta. A los 2 y medio meses cosechar con tijeras.<\/p>\n<p><strong>Contenido aproximado:<\/strong> 25 semillas<\/p>\n","protected":false},"excerpt":{"rendered":"<p>Semillas de polinizaci\u00f3n abierta cultivadas con m\u00e9todos totalmente naturales en el Rancho Agroecol\u00f3gico Agua Escondida y seleccionadas artesanalmente.<\/p>\n","protected":false},"featured_media":1425,"comment_status":"open","ping_status":"closed","template":"","meta":[],"product_brand":[],"product_cat":[325,326,466],"product_tag":[],"class_list":{"0":"post-1287","1":"product","2":"type-product","3":"status-publish","4":"has-post-thumbnail","6":"product_cat-jardin","7":"product_cat-semillas","8":"product_cat-verduras-y-vegetales","10":"first","11":"outofstock","12":"shipping-taxable","13":"purchasable","14":"product-type-simple"},"_links":{"self":[{"href":"https:\/\/manantialdelasflores.com\/en\/wp-json\/wp\/v2\/product\/1287","targetHints":{"allow":["GET"]}}],"collection":[{"href":"https:\/\/manantialdelasflores.com\/en\/wp-json\/wp\/v2\/product"}],"about":[{"href":"https:\/\/manantialdelasflores.com\/en\/wp-json\/wp\/v2\/types\/product"}],"replies":[{"embeddable":true,"href":"https:\/\/manantialdelasflores.com\/en\/wp-json\/wp\/v2\/comments?post=1287"}],"wp:featuredmedia":[{"embeddable":true,"href":"https:\/\/manantialdelasflores.com\/en\/wp-json\/wp\/v2\/media\/1425"}],"wp:attachment":[{"href":"https:\/\/manantialdelasflores.com\/en\/wp-json\/wp\/v2\/media?parent=1287"}],"wp:term":[{"taxonomy":"product_brand","embeddable":true,"href":"https:\/\/manantialdelasflores.com\/en\/wp-json\/wp\/v2\/product_brand?post=1287"},{"taxonomy":"product_cat","embeddable":true,"href":"https:\/\/manantialdelasflores.com\/en\/wp-json\/wp\/v2\/product_cat?post=1287"},{"taxonomy":"product_tag","embeddable":true,"href":"https:\/\/manantialdelasflores.com\/en\/wp-json\/wp\/v2\/product_tag?post=1287"}],"curies":[{"name":"wp","href":"https:\/\/api.w.org\/{rel}","templated":true}]}}