{"id":1292,"date":"2024-08-02T00:17:18","date_gmt":"2024-08-02T00:17:18","guid":{"rendered":"https:\/\/manantialdelasflores.com\/?post_type=product&#038;p=1292"},"modified":"2025-03-19T21:34:01","modified_gmt":"2025-03-19T21:34:01","slug":"berro-de-jardin","status":"publish","type":"product","link":"https:\/\/manantialdelasflores.com\/en\/shop\/berro-de-jardin\/","title":{"rendered":"Semilla de Berro de jardin"},"content":{"rendered":"<p>(Lepidium sativum)<\/p>\n<p>Es una planta anual comestible de crecimiento rapido. sus hojas ovales miden 5cm de largo cuando est\u00e1n en su punto y tiene flores blancas, pequen\u00f1as que se convierten en vainas redondas que albergan sus semillas. Es originario de Persia y su sabor es parecido al berro de agua. Muy ricas en ensalada.<\/p>\n<p><strong>Metodo de Siembra:<\/strong> Se siembra directo donde va a crecer a 25cm de distancia, en temporada de calor sembrar a la sombra. Humedecer muy bien la tierra y cubrir con ligero acolchado hasta que broten las semillas. Cosechar tierna toda la planta pues ensemilla muy rapido. Toda la planta es rica en calcio, fosforo, cobre y Vitaminas A, B y C.<\/p>\n<p><strong>Contenido aproximado:<\/strong> 200 semillas<\/p>\n","protected":false},"excerpt":{"rendered":"<p>Semillas de polinizaci\u00f3n abierta cultivadas con m\u00e9todos totalmente naturales en el Rancho Agroecol\u00f3gico Agua Escondida y seleccionadas artesanalmente.<\/p>\n","protected":false},"featured_media":1420,"comment_status":"open","ping_status":"closed","template":"","meta":[],"product_brand":[],"product_cat":[325,326,466],"product_tag":[],"class_list":{"0":"post-1292","1":"product","2":"type-product","3":"status-publish","4":"has-post-thumbnail","6":"product_cat-jardin","7":"product_cat-semillas","8":"product_cat-verduras-y-vegetales","10":"first","11":"instock","12":"shipping-taxable","13":"purchasable","14":"product-type-simple"},"_links":{"self":[{"href":"https:\/\/manantialdelasflores.com\/en\/wp-json\/wp\/v2\/product\/1292","targetHints":{"allow":["GET"]}}],"collection":[{"href":"https:\/\/manantialdelasflores.com\/en\/wp-json\/wp\/v2\/product"}],"about":[{"href":"https:\/\/manantialdelasflores.com\/en\/wp-json\/wp\/v2\/types\/product"}],"replies":[{"embeddable":true,"href":"https:\/\/manantialdelasflores.com\/en\/wp-json\/wp\/v2\/comments?post=1292"}],"wp:featuredmedia":[{"embeddable":true,"href":"https:\/\/manantialdelasflores.com\/en\/wp-json\/wp\/v2\/media\/1420"}],"wp:attachment":[{"href":"https:\/\/manantialdelasflores.com\/en\/wp-json\/wp\/v2\/media?parent=1292"}],"wp:term":[{"taxonomy":"product_brand","embeddable":true,"href":"https:\/\/manantialdelasflores.com\/en\/wp-json\/wp\/v2\/product_brand?post=1292"},{"taxonomy":"product_cat","embeddable":true,"href":"https:\/\/manantialdelasflores.com\/en\/wp-json\/wp\/v2\/product_cat?post=1292"},{"taxonomy":"product_tag","embeddable":true,"href":"https:\/\/manantialdelasflores.com\/en\/wp-json\/wp\/v2\/product_tag?post=1292"}],"curies":[{"name":"wp","href":"https:\/\/api.w.org\/{rel}","templated":true}]}}