{"id":1299,"date":"2024-08-02T22:46:40","date_gmt":"2024-08-02T22:46:40","guid":{"rendered":"https:\/\/manantialdelasflores.com\/?post_type=product&#038;p=1299"},"modified":"2025-03-19T21:34:00","modified_gmt":"2025-03-19T21:34:00","slug":"chile-de-arbol","status":"publish","type":"product","link":"https:\/\/manantialdelasflores.com\/en\/shop\/chile-de-arbol\/","title":{"rendered":"Semilla de Chile de \u00e1rbol"},"content":{"rendered":"<p>Capsicum annuum<\/p>\n<p>Peque\u00f1o chile c\u00f3nico con el que se hacen sabrosas salsas, platos\u00a0 mexicanos y tailandeses. Los chilitos \u201cse paran\u201d arriba del follaje y forman una bella estampa. La matas alcanzan 1.20 m de altura y pueden llegar a producir una gran cantidad de chilitos verdes y rojos maduros, adem\u00e1s de un extra para deshidratar y tener en las \u00e9pocas fr\u00edas.<\/p>\n<p><strong>M\u00e9todo de Siembra:<\/strong> Sembrar en alm\u00e1cigo y\u00a0 en un lugar caliente y luminoso desde enero hasta febrero y trasplantar afuera en marzo. Abonar cada mes.<\/p>\n<p><strong>Contenido aproximado:<\/strong> 25 semillas<\/p>\n","protected":false},"excerpt":{"rendered":"<p>Semillas de polinizaci\u00f3n abierta cultivadas con m\u00e9todos totalmente naturales en el Rancho Agroecol\u00f3gico Agua Escondida y seleccionadas artesanalmente.<\/p>\n","protected":false},"featured_media":1416,"comment_status":"open","ping_status":"closed","template":"","meta":[],"product_brand":[],"product_cat":[325,326,466],"product_tag":[],"class_list":{"0":"post-1299","1":"product","2":"type-product","3":"status-publish","4":"has-post-thumbnail","6":"product_cat-jardin","7":"product_cat-semillas","8":"product_cat-verduras-y-vegetales","10":"first","11":"instock","12":"shipping-taxable","13":"purchasable","14":"product-type-simple"},"_links":{"self":[{"href":"https:\/\/manantialdelasflores.com\/en\/wp-json\/wp\/v2\/product\/1299","targetHints":{"allow":["GET"]}}],"collection":[{"href":"https:\/\/manantialdelasflores.com\/en\/wp-json\/wp\/v2\/product"}],"about":[{"href":"https:\/\/manantialdelasflores.com\/en\/wp-json\/wp\/v2\/types\/product"}],"replies":[{"embeddable":true,"href":"https:\/\/manantialdelasflores.com\/en\/wp-json\/wp\/v2\/comments?post=1299"}],"wp:featuredmedia":[{"embeddable":true,"href":"https:\/\/manantialdelasflores.com\/en\/wp-json\/wp\/v2\/media\/1416"}],"wp:attachment":[{"href":"https:\/\/manantialdelasflores.com\/en\/wp-json\/wp\/v2\/media?parent=1299"}],"wp:term":[{"taxonomy":"product_brand","embeddable":true,"href":"https:\/\/manantialdelasflores.com\/en\/wp-json\/wp\/v2\/product_brand?post=1299"},{"taxonomy":"product_cat","embeddable":true,"href":"https:\/\/manantialdelasflores.com\/en\/wp-json\/wp\/v2\/product_cat?post=1299"},{"taxonomy":"product_tag","embeddable":true,"href":"https:\/\/manantialdelasflores.com\/en\/wp-json\/wp\/v2\/product_tag?post=1299"}],"curies":[{"name":"wp","href":"https:\/\/api.w.org\/{rel}","templated":true}]}}