{"id":1300,"date":"2024-08-02T22:50:08","date_gmt":"2024-08-02T22:50:08","guid":{"rendered":"https:\/\/manantialdelasflores.com\/?post_type=product&#038;p=1300"},"modified":"2025-03-19T21:34:00","modified_gmt":"2025-03-19T21:34:00","slug":"chile-cera","status":"publish","type":"product","link":"https:\/\/manantialdelasflores.com\/en\/shop\/chile-cera\/","title":{"rendered":"Semilla de Chile Cera"},"content":{"rendered":"<p>Capsicum pubescens<\/p>\n<p>Los frutos de este chile, ricos en vitamina C, son grandes: aproximadamente 4 cm de di\u00e1metro, muy crujientes y deliciosos; verdes cuando tiernos y amarillos cuando maduran. Pueden sembrarse en climas templados a pleno sol y en calurosos es mejor a la sombra. Crece como arbusto durante 4 meses pero si tiene algo cerca en lo que trepar lo hace hasta unos 4 m. Puede llegar a vivir muchos a\u00f1os\u00a0 (hasta 10) si no sufre climas extremos y se le van podando los tallos estropeados. Para que no pique puede usarse solo la cascarilla con un pelador y si se usa con todas sus venas el picor puede ser muy alto.<\/p>\n<p><strong>M\u00e9todo de Siembra:<\/strong> Sembrar en alm\u00e1cigo y\u00a0 en un lugar caliente y luminoso desde enero hasta febrero y trasplantar\u00a0 en el verano a su lugar definitivo. Sus negras semillas brotan como a los 15 d\u00edas cuando se les cubre bien con buena composta y se mantienen h\u00famedas. La distancia adecuada para plantar definitivamente es 4 m. Interplantar con c\u00edtricos y caf\u00e9. Se cosechan verdes o amarillos para hacer en vinagre o rellenar.<\/p>\n<p><strong>Contenido aproximado:<\/strong> 25 semillas<\/p>\n","protected":false},"excerpt":{"rendered":"<p>Semillas de polinizaci\u00f3n abierta cultivadas con m\u00e9todos totalmente naturales en el Rancho Agroecol\u00f3gico Agua Escondida y seleccionadas artesanalmente.<\/p>\n","protected":false},"featured_media":1417,"comment_status":"open","ping_status":"closed","template":"","meta":[],"product_brand":[],"product_cat":[325,326,466],"product_tag":[],"class_list":{"0":"post-1300","1":"product","2":"type-product","3":"status-publish","4":"has-post-thumbnail","6":"product_cat-jardin","7":"product_cat-semillas","8":"product_cat-verduras-y-vegetales","10":"first","11":"instock","12":"shipping-taxable","13":"purchasable","14":"product-type-simple"},"_links":{"self":[{"href":"https:\/\/manantialdelasflores.com\/en\/wp-json\/wp\/v2\/product\/1300","targetHints":{"allow":["GET"]}}],"collection":[{"href":"https:\/\/manantialdelasflores.com\/en\/wp-json\/wp\/v2\/product"}],"about":[{"href":"https:\/\/manantialdelasflores.com\/en\/wp-json\/wp\/v2\/types\/product"}],"replies":[{"embeddable":true,"href":"https:\/\/manantialdelasflores.com\/en\/wp-json\/wp\/v2\/comments?post=1300"}],"wp:featuredmedia":[{"embeddable":true,"href":"https:\/\/manantialdelasflores.com\/en\/wp-json\/wp\/v2\/media\/1417"}],"wp:attachment":[{"href":"https:\/\/manantialdelasflores.com\/en\/wp-json\/wp\/v2\/media?parent=1300"}],"wp:term":[{"taxonomy":"product_brand","embeddable":true,"href":"https:\/\/manantialdelasflores.com\/en\/wp-json\/wp\/v2\/product_brand?post=1300"},{"taxonomy":"product_cat","embeddable":true,"href":"https:\/\/manantialdelasflores.com\/en\/wp-json\/wp\/v2\/product_cat?post=1300"},{"taxonomy":"product_tag","embeddable":true,"href":"https:\/\/manantialdelasflores.com\/en\/wp-json\/wp\/v2\/product_tag?post=1300"}],"curies":[{"name":"wp","href":"https:\/\/api.w.org\/{rel}","templated":true}]}}