{"id":1301,"date":"2024-08-02T22:53:55","date_gmt":"2024-08-02T22:53:55","guid":{"rendered":"https:\/\/manantialdelasflores.com\/?post_type=product&#038;p=1301"},"modified":"2025-03-19T21:34:00","modified_gmt":"2025-03-19T21:34:00","slug":"chile-xalapeno","status":"publish","type":"product","link":"https:\/\/manantialdelasflores.com\/en\/shop\/chile-xalapeno\/","title":{"rendered":"Semilla de Chile Xalape\u00f1o"},"content":{"rendered":"<p>Capsicum annuum<\/p>\n<p>Las matas del rico chile xalape\u00f1o producen, en aproximadamente 70 d\u00edas, crujientes chiles de buen tama\u00f1o que son medianamente picantes cuando verdes y m\u00e1s picantes cuando maduran en rojo bermell\u00f3n. Son muy ricos en salsas crudas \u00f3 guisadas y\u00a0 guacamoles cuando se usan frescos y pueden deshidratarse los sobrantes a pleno sol para usarlos como chipotles en tus recetas mexicanas. Picor medio.<\/p>\n<p><strong>M\u00e9todo de Siembra:<\/strong> Siembra en alm\u00e1cigo y trasplanta a 40 cm. de distancia cuando tenga unos 15 cm. de altura. Las plantas de 60 cm. de alto,\u00a0 con buen drenaje, suficiente humedad y pH controlado, son muy productivas. Abona durante la etapa de crecimiento y cuando florea.<\/p>\n<p><strong>Contenido aproximado:<\/strong> 25 semillas<\/p>\n","protected":false},"excerpt":{"rendered":"<p>Semillas de polinizaci\u00f3n abierta cultivadas con m\u00e9todos totalmente naturales en el Rancho Agroecol\u00f3gico Agua Escondida y seleccionadas artesanalmente.<\/p>\n","protected":false},"featured_media":0,"comment_status":"open","ping_status":"closed","template":"","meta":[],"product_brand":[],"product_cat":[325,326,466],"product_tag":[],"class_list":{"0":"post-1301","1":"product","2":"type-product","3":"status-publish","5":"product_cat-jardin","6":"product_cat-semillas","7":"product_cat-verduras-y-vegetales","9":"first","10":"instock","11":"shipping-taxable","12":"purchasable","13":"product-type-simple"},"_links":{"self":[{"href":"https:\/\/manantialdelasflores.com\/en\/wp-json\/wp\/v2\/product\/1301","targetHints":{"allow":["GET"]}}],"collection":[{"href":"https:\/\/manantialdelasflores.com\/en\/wp-json\/wp\/v2\/product"}],"about":[{"href":"https:\/\/manantialdelasflores.com\/en\/wp-json\/wp\/v2\/types\/product"}],"replies":[{"embeddable":true,"href":"https:\/\/manantialdelasflores.com\/en\/wp-json\/wp\/v2\/comments?post=1301"}],"wp:attachment":[{"href":"https:\/\/manantialdelasflores.com\/en\/wp-json\/wp\/v2\/media?parent=1301"}],"wp:term":[{"taxonomy":"product_brand","embeddable":true,"href":"https:\/\/manantialdelasflores.com\/en\/wp-json\/wp\/v2\/product_brand?post=1301"},{"taxonomy":"product_cat","embeddable":true,"href":"https:\/\/manantialdelasflores.com\/en\/wp-json\/wp\/v2\/product_cat?post=1301"},{"taxonomy":"product_tag","embeddable":true,"href":"https:\/\/manantialdelasflores.com\/en\/wp-json\/wp\/v2\/product_tag?post=1301"}],"curies":[{"name":"wp","href":"https:\/\/api.w.org\/{rel}","templated":true}]}}