{"id":1309,"date":"2024-08-06T16:28:21","date_gmt":"2024-08-06T16:28:21","guid":{"rendered":"https:\/\/manantialdelasflores.com\/?post_type=product&#038;p=1309"},"modified":"2025-03-19T21:33:59","modified_gmt":"2025-03-19T21:33:59","slug":"cebolleta","status":"publish","type":"product","link":"https:\/\/manantialdelasflores.com\/en\/shop\/cebolleta\/","title":{"rendered":"Semilla de Cebolleta"},"content":{"rendered":"<p>Allium fistulosum<\/p>\n<p>Variedad de cebolla muy nutritiva, conocida tambi\u00e9n como cebolla de verdeo, de bulbo de sabor suave y de la cual tambi\u00e9n se utiliza el tallo verde que es hueco y de sabor muy rico.<\/p>\n<p><strong>M\u00e9todo de Siembra:<\/strong> Se puede cultivar perenne. Se siembran en alm\u00e1cigo desde agosto y se trasplantan en abril cuando las hojas miden unos 15 cm. aproximadamente. Trasplantar a 20 cm. pues forman matojos. La tierra debe ser suelta y bien abonada, si es necesario incorporar arena. Cosechar las m\u00e1s grandes y dejar el matojo de m\u00e1s peque\u00f1as para no perder la planta ,tambi\u00e9n se pueden cosechar con el cuchillo dejando las ra\u00edces para que vuelvan a crecer. Excelentes para comida oriental, todo tipo de ensaladas y sustituyendo la cebolla normal.<\/p>\n<p><strong>Contenido aproximado:<\/strong> 250 semillas<\/p>\n","protected":false},"excerpt":{"rendered":"<p>Semillas de polinizaci\u00f3n abierta cultivadas con m\u00e9todos totalmente naturales en el Rancho Agroecol\u00f3gico Agua Escondida y seleccionadas artesanalmente.<\/p>\n","protected":false},"featured_media":0,"comment_status":"open","ping_status":"closed","template":"","meta":[],"product_brand":[],"product_cat":[464,325,326,466],"product_tag":[],"class_list":{"0":"post-1309","1":"product","2":"type-product","3":"status-publish","5":"product_cat-hierbas-culinarias","6":"product_cat-jardin","7":"product_cat-semillas","8":"product_cat-verduras-y-vegetales","10":"first","11":"instock","12":"shipping-taxable","13":"purchasable","14":"product-type-simple"},"_links":{"self":[{"href":"https:\/\/manantialdelasflores.com\/en\/wp-json\/wp\/v2\/product\/1309","targetHints":{"allow":["GET"]}}],"collection":[{"href":"https:\/\/manantialdelasflores.com\/en\/wp-json\/wp\/v2\/product"}],"about":[{"href":"https:\/\/manantialdelasflores.com\/en\/wp-json\/wp\/v2\/types\/product"}],"replies":[{"embeddable":true,"href":"https:\/\/manantialdelasflores.com\/en\/wp-json\/wp\/v2\/comments?post=1309"}],"wp:attachment":[{"href":"https:\/\/manantialdelasflores.com\/en\/wp-json\/wp\/v2\/media?parent=1309"}],"wp:term":[{"taxonomy":"product_brand","embeddable":true,"href":"https:\/\/manantialdelasflores.com\/en\/wp-json\/wp\/v2\/product_brand?post=1309"},{"taxonomy":"product_cat","embeddable":true,"href":"https:\/\/manantialdelasflores.com\/en\/wp-json\/wp\/v2\/product_cat?post=1309"},{"taxonomy":"product_tag","embeddable":true,"href":"https:\/\/manantialdelasflores.com\/en\/wp-json\/wp\/v2\/product_tag?post=1309"}],"curies":[{"name":"wp","href":"https:\/\/api.w.org\/{rel}","templated":true}]}}