{"id":1310,"date":"2024-08-06T16:33:16","date_gmt":"2024-08-06T16:33:16","guid":{"rendered":"https:\/\/manantialdelasflores.com\/?post_type=product&#038;p=1310"},"modified":"2025-03-19T21:33:58","modified_gmt":"2025-03-19T21:33:58","slug":"cempasuchil-nematocida","status":"publish","type":"product","link":"https:\/\/manantialdelasflores.com\/en\/shop\/cempasuchil-nematocida\/","title":{"rendered":"Semilla de Cempasuchil Nematocida"},"content":{"rendered":"<p>Tagetes patula<\/p>\n<p>Esta planta anual originaria de M\u00e9xico se cultiva principalmente por sus efectos como cultivo trampa y por la secreciones de sus ra\u00edces que eliminan nem\u00e1todos perjudiciales y cuyo efecto permanece en el suelo durante 3 a\u00f1os. De cualquier manera tambi\u00e9n podemos disfrutar de lindas flores para corte y ornato, pues su bello color naranja intenso hace lucir el jard\u00edn o un arreglo en florero.<\/p>\n<p><strong>M\u00e9todo de Siembra:<\/strong> Sembrar en alm\u00e1cigo a principios de primavera\u00a0 y luego trasplantar donde se necesite, ya sea para repelente de cualquier tipo de mosca o insecto volador perjudicial o en camas que tengan muchos nematodo como gallina ciega. Para controlar este \u00faltimo tipo de plaga, hay que esperar que la planta crezca y floree, podarla e incorporar al suelo toda la planta bien picada. Distanciar a 40 cm y mantener con riego.<\/p>\n<p><strong>Contenido aproximado:<\/strong> 50 semillas<\/p>\n","protected":false},"excerpt":{"rendered":"<p>Semillas de polinizaci\u00f3n abierta cultivadas con m\u00e9todos totalmente naturales en el Rancho Agroecol\u00f3gico Agua Escondida y seleccionadas artesanalmente.<\/p>\n","protected":false},"featured_media":0,"comment_status":"open","ping_status":"closed","template":"","meta":[],"product_brand":[],"product_cat":[465,325,326],"product_tag":[],"class_list":{"0":"post-1310","1":"product","2":"type-product","3":"status-publish","5":"product_cat-hierbas-medicinales","6":"product_cat-jardin","7":"product_cat-semillas","9":"first","10":"instock","11":"shipping-taxable","12":"purchasable","13":"product-type-simple"},"_links":{"self":[{"href":"https:\/\/manantialdelasflores.com\/en\/wp-json\/wp\/v2\/product\/1310","targetHints":{"allow":["GET"]}}],"collection":[{"href":"https:\/\/manantialdelasflores.com\/en\/wp-json\/wp\/v2\/product"}],"about":[{"href":"https:\/\/manantialdelasflores.com\/en\/wp-json\/wp\/v2\/types\/product"}],"replies":[{"embeddable":true,"href":"https:\/\/manantialdelasflores.com\/en\/wp-json\/wp\/v2\/comments?post=1310"}],"wp:attachment":[{"href":"https:\/\/manantialdelasflores.com\/en\/wp-json\/wp\/v2\/media?parent=1310"}],"wp:term":[{"taxonomy":"product_brand","embeddable":true,"href":"https:\/\/manantialdelasflores.com\/en\/wp-json\/wp\/v2\/product_brand?post=1310"},{"taxonomy":"product_cat","embeddable":true,"href":"https:\/\/manantialdelasflores.com\/en\/wp-json\/wp\/v2\/product_cat?post=1310"},{"taxonomy":"product_tag","embeddable":true,"href":"https:\/\/manantialdelasflores.com\/en\/wp-json\/wp\/v2\/product_tag?post=1310"}],"curies":[{"name":"wp","href":"https:\/\/api.w.org\/{rel}","templated":true}]}}