{"id":1313,"date":"2024-08-06T17:32:15","date_gmt":"2024-08-06T17:32:15","guid":{"rendered":"https:\/\/manantialdelasflores.com\/?post_type=product&#038;p=1313"},"modified":"2025-06-20T16:16:29","modified_gmt":"2025-06-20T16:16:29","slug":"ejote-maxibel","status":"publish","type":"product","link":"https:\/\/manantialdelasflores.com\/en\/shop\/ejote-maxibel\/","title":{"rendered":"Semilla de Ejote Maxibel"},"content":{"rendered":"<p>Phaseolus vulgaris<\/p>\n<p>Este ejote de mata tarda en producir unos dos meses y es un delicioso y crujiente ejote tipo franc\u00e9s. Las matas llegan a medir 50 cm y luego\u00a0 florean y empiezan a dar ejotes que hay que ir cosechando a medida que se maduren antes de que se vean las semillas a trav\u00e9s de la vaina.<\/p>\n<p><strong>M\u00e9todo de Siembra:<\/strong> Se siembra directo en buena tierra h\u00fameda durante todo el a\u00f1o mientras la temperatura no sea extrema, a una distancia de 15 cm y se mantiene h\u00famedo. No necesita tutores.<\/p>\n<p><strong>Contenido aproximado:<\/strong> 35 semillas<\/p>\n","protected":false},"excerpt":{"rendered":"<p>Semillas de polinizaci\u00f3n abierta cultivadas con m\u00e9todos totalmente naturales en el Rancho Agroecol\u00f3gico Agua Escondida y seleccionadas artesanalmente.<\/p>\n","protected":false},"featured_media":0,"comment_status":"open","ping_status":"closed","template":"","meta":[],"product_brand":[],"product_cat":[325,326,466],"product_tag":[],"class_list":{"0":"post-1313","1":"product","2":"type-product","3":"status-publish","5":"product_cat-jardin","6":"product_cat-semillas","7":"product_cat-verduras-y-vegetales","9":"first","10":"outofstock","11":"shipping-taxable","12":"purchasable","13":"product-type-simple"},"_links":{"self":[{"href":"https:\/\/manantialdelasflores.com\/en\/wp-json\/wp\/v2\/product\/1313","targetHints":{"allow":["GET"]}}],"collection":[{"href":"https:\/\/manantialdelasflores.com\/en\/wp-json\/wp\/v2\/product"}],"about":[{"href":"https:\/\/manantialdelasflores.com\/en\/wp-json\/wp\/v2\/types\/product"}],"replies":[{"embeddable":true,"href":"https:\/\/manantialdelasflores.com\/en\/wp-json\/wp\/v2\/comments?post=1313"}],"wp:attachment":[{"href":"https:\/\/manantialdelasflores.com\/en\/wp-json\/wp\/v2\/media?parent=1313"}],"wp:term":[{"taxonomy":"product_brand","embeddable":true,"href":"https:\/\/manantialdelasflores.com\/en\/wp-json\/wp\/v2\/product_brand?post=1313"},{"taxonomy":"product_cat","embeddable":true,"href":"https:\/\/manantialdelasflores.com\/en\/wp-json\/wp\/v2\/product_cat?post=1313"},{"taxonomy":"product_tag","embeddable":true,"href":"https:\/\/manantialdelasflores.com\/en\/wp-json\/wp\/v2\/product_tag?post=1313"}],"curies":[{"name":"wp","href":"https:\/\/api.w.org\/{rel}","templated":true}]}}