{"id":1316,"date":"2024-08-13T16:18:17","date_gmt":"2024-08-13T16:18:17","guid":{"rendered":"https:\/\/manantialdelasflores.com\/?post_type=product&#038;p=1316"},"modified":"2025-03-19T21:33:57","modified_gmt":"2025-03-19T21:33:57","slug":"eneldo","status":"publish","type":"product","link":"https:\/\/manantialdelasflores.com\/en\/shop\/eneldo\/","title":{"rendered":"Semilla de Eneldo"},"content":{"rendered":"<p>Anethum graveolens<\/p>\n<p>Planta herb\u00e1cea anual que llega a crecer hasta 1.5 m, hojas muy profusas verde gris\u00e1ceas con delicioso olor y sabor, tallos huecos; flores agrupadas\u00a0 en forma de sombrilla, amarillas. El uso principal de las hojas y semillas es como condimento.<\/p>\n<p><strong>M\u00e9todo de Siembra:<\/strong> Sembrar directo si hay suficiente humedad si no mejor en alm\u00e1cigo. En doble excavaci\u00f3n a 40 cm y en sencilla a 60 cm. Germina en 18 d\u00edas aproximadamente. Temporada de siembra: Sembrar desde octubre hasta mayo y abonar s\u00f3lo una vez durante el crecimiento. Necesita 6 horas de luz al d\u00eda como m\u00ednimo. Cortar las hojas que se inclinan naturalmente (la m\u00e1s bajas) durante su crecimiento y dejar secar sus\u00a0 semillas en la flor. Recoger en una bolsa para secar.<\/p>\n<p><strong>Contenido aproximado:<\/strong> 200 semillas<\/p>\n","protected":false},"excerpt":{"rendered":"<p>Semillas de polinizaci\u00f3n abierta cultivadas con m\u00e9todos totalmente naturales en el Rancho Agroecol\u00f3gico Agua Escondida y seleccionadas artesanalmente.<\/p>\n","protected":false},"featured_media":0,"comment_status":"open","ping_status":"closed","template":"","meta":[],"product_brand":[],"product_cat":[464,325,326],"product_tag":[],"class_list":{"0":"post-1316","1":"product","2":"type-product","3":"status-publish","5":"product_cat-hierbas-culinarias","6":"product_cat-jardin","7":"product_cat-semillas","9":"first","10":"instock","11":"shipping-taxable","12":"purchasable","13":"product-type-simple"},"_links":{"self":[{"href":"https:\/\/manantialdelasflores.com\/en\/wp-json\/wp\/v2\/product\/1316","targetHints":{"allow":["GET"]}}],"collection":[{"href":"https:\/\/manantialdelasflores.com\/en\/wp-json\/wp\/v2\/product"}],"about":[{"href":"https:\/\/manantialdelasflores.com\/en\/wp-json\/wp\/v2\/types\/product"}],"replies":[{"embeddable":true,"href":"https:\/\/manantialdelasflores.com\/en\/wp-json\/wp\/v2\/comments?post=1316"}],"wp:attachment":[{"href":"https:\/\/manantialdelasflores.com\/en\/wp-json\/wp\/v2\/media?parent=1316"}],"wp:term":[{"taxonomy":"product_brand","embeddable":true,"href":"https:\/\/manantialdelasflores.com\/en\/wp-json\/wp\/v2\/product_brand?post=1316"},{"taxonomy":"product_cat","embeddable":true,"href":"https:\/\/manantialdelasflores.com\/en\/wp-json\/wp\/v2\/product_cat?post=1316"},{"taxonomy":"product_tag","embeddable":true,"href":"https:\/\/manantialdelasflores.com\/en\/wp-json\/wp\/v2\/product_tag?post=1316"}],"curies":[{"name":"wp","href":"https:\/\/api.w.org\/{rel}","templated":true}]}}