{"id":1317,"date":"2024-08-13T16:25:07","date_gmt":"2024-08-13T16:25:07","guid":{"rendered":"https:\/\/manantialdelasflores.com\/?post_type=product&#038;p=1317"},"modified":"2025-03-19T21:33:57","modified_gmt":"2025-03-19T21:33:57","slug":"fresa-alpina","status":"publish","type":"product","link":"https:\/\/manantialdelasflores.com\/en\/shop\/fresa-alpina\/","title":{"rendered":"Semilla de Fresa Alpina"},"content":{"rendered":"<p>Fragaria vesca semperflorens<\/p>\n<p>Peque\u00f1a fresa roja\u00a0 de sabor muy dulce que se cultiva f\u00e1cilmente a partir de semilla y es muy productiva durante largas temporadas y puede ser perenne.<\/p>\n<p><strong>M\u00e9todo de Siembra:<\/strong> Sembrar en alm\u00e1cigo con una mezcla de arena y composta al 50%. Cubrir con tierra las semillas y presionar. Mantener h\u00fameda la tierra hasta que broten (m\u00e1s o menos a las 2 semanas) y trasplantar a macetas peque\u00f1as cuando midan 3 cm de altura, luego que enra\u00edcen bien trasladar a su lugar definitivo a 40 cm. de distancia . Despu\u00e9s de 2 a\u00f1os reproducir las matas separando los estolones (brotes nuevos) de la planta madre sembr\u00e1ndolas en otro lugar. Cosecha cuando la fruta est\u00e1 totalmente coloreada.<\/p>\n<p><strong>Contenido aproximado:<\/strong> 200 semillas<\/p>\n","protected":false},"excerpt":{"rendered":"<p>Semillas de polinizaci\u00f3n abierta cultivadas con m\u00e9todos totalmente naturales en el Rancho Agroecol\u00f3gico Agua Escondida y seleccionadas artesanalmente.<\/p>\n","protected":false},"featured_media":1426,"comment_status":"open","ping_status":"closed","template":"","meta":[],"product_brand":[],"product_cat":[325,326,466],"product_tag":[],"class_list":{"0":"post-1317","1":"product","2":"type-product","3":"status-publish","4":"has-post-thumbnail","6":"product_cat-jardin","7":"product_cat-semillas","8":"product_cat-verduras-y-vegetales","10":"first","11":"instock","12":"shipping-taxable","13":"purchasable","14":"product-type-simple"},"_links":{"self":[{"href":"https:\/\/manantialdelasflores.com\/en\/wp-json\/wp\/v2\/product\/1317","targetHints":{"allow":["GET"]}}],"collection":[{"href":"https:\/\/manantialdelasflores.com\/en\/wp-json\/wp\/v2\/product"}],"about":[{"href":"https:\/\/manantialdelasflores.com\/en\/wp-json\/wp\/v2\/types\/product"}],"replies":[{"embeddable":true,"href":"https:\/\/manantialdelasflores.com\/en\/wp-json\/wp\/v2\/comments?post=1317"}],"wp:featuredmedia":[{"embeddable":true,"href":"https:\/\/manantialdelasflores.com\/en\/wp-json\/wp\/v2\/media\/1426"}],"wp:attachment":[{"href":"https:\/\/manantialdelasflores.com\/en\/wp-json\/wp\/v2\/media?parent=1317"}],"wp:term":[{"taxonomy":"product_brand","embeddable":true,"href":"https:\/\/manantialdelasflores.com\/en\/wp-json\/wp\/v2\/product_brand?post=1317"},{"taxonomy":"product_cat","embeddable":true,"href":"https:\/\/manantialdelasflores.com\/en\/wp-json\/wp\/v2\/product_cat?post=1317"},{"taxonomy":"product_tag","embeddable":true,"href":"https:\/\/manantialdelasflores.com\/en\/wp-json\/wp\/v2\/product_tag?post=1317"}],"curies":[{"name":"wp","href":"https:\/\/api.w.org\/{rel}","templated":true}]}}