{"id":1318,"date":"2024-08-13T16:28:39","date_gmt":"2024-08-13T16:28:39","guid":{"rendered":"https:\/\/manantialdelasflores.com\/?post_type=product&#038;p=1318"},"modified":"2025-03-19T21:33:57","modified_gmt":"2025-03-19T21:33:57","slug":"frijol-cannellini","status":"publish","type":"product","link":"https:\/\/manantialdelasflores.com\/en\/shop\/frijol-cannellini\/","title":{"rendered":"Semilla de Frijol Cannellini"},"content":{"rendered":"<p>Phaseolus vulgaris<\/p>\n<p>Se cultiva para consumirse seco, es el frijol t\u00edpico de la cocina italiana y el ingrediente principal para su famoso minestrone que es un caldo de verduras varias, frijol cannellini y pasta.<\/p>\n<p><strong>M\u00e9todo de Siembra:<\/strong>Sembrar en marzo directo donde va a crecer a 30 cm. de distancia con abono natural y cuidar que no falte la humedad. Cuando comienza a florear abonar otra vez. Cosechar cuando las vainas ya est\u00e1n secas y cuando los frijoles ya est\u00e9n totalmente deshidratados. Para cocinarlos, es mejor remojar toda la noche y poner a cocer con agua limpia.<\/p>\n<p><strong>Contenido aproximado:<\/strong> 35 semillas<\/p>\n","protected":false},"excerpt":{"rendered":"<p>Semillas de polinizaci\u00f3n abierta cultivadas con m\u00e9todos totalmente naturales en el Rancho Agroecol\u00f3gico Agua Escondida y seleccionadas artesanalmente.<\/p>\n","protected":false},"featured_media":1408,"comment_status":"open","ping_status":"closed","template":"","meta":[],"product_brand":[],"product_cat":[325,326,466],"product_tag":[],"class_list":{"0":"post-1318","1":"product","2":"type-product","3":"status-publish","4":"has-post-thumbnail","6":"product_cat-jardin","7":"product_cat-semillas","8":"product_cat-verduras-y-vegetales","10":"first","11":"instock","12":"shipping-taxable","13":"purchasable","14":"product-type-simple"},"_links":{"self":[{"href":"https:\/\/manantialdelasflores.com\/en\/wp-json\/wp\/v2\/product\/1318","targetHints":{"allow":["GET"]}}],"collection":[{"href":"https:\/\/manantialdelasflores.com\/en\/wp-json\/wp\/v2\/product"}],"about":[{"href":"https:\/\/manantialdelasflores.com\/en\/wp-json\/wp\/v2\/types\/product"}],"replies":[{"embeddable":true,"href":"https:\/\/manantialdelasflores.com\/en\/wp-json\/wp\/v2\/comments?post=1318"}],"wp:featuredmedia":[{"embeddable":true,"href":"https:\/\/manantialdelasflores.com\/en\/wp-json\/wp\/v2\/media\/1408"}],"wp:attachment":[{"href":"https:\/\/manantialdelasflores.com\/en\/wp-json\/wp\/v2\/media?parent=1318"}],"wp:term":[{"taxonomy":"product_brand","embeddable":true,"href":"https:\/\/manantialdelasflores.com\/en\/wp-json\/wp\/v2\/product_brand?post=1318"},{"taxonomy":"product_cat","embeddable":true,"href":"https:\/\/manantialdelasflores.com\/en\/wp-json\/wp\/v2\/product_cat?post=1318"},{"taxonomy":"product_tag","embeddable":true,"href":"https:\/\/manantialdelasflores.com\/en\/wp-json\/wp\/v2\/product_tag?post=1318"}],"curies":[{"name":"wp","href":"https:\/\/api.w.org\/{rel}","templated":true}]}}