{"id":1319,"date":"2024-08-13T16:33:56","date_gmt":"2024-08-13T16:33:56","guid":{"rendered":"https:\/\/manantialdelasflores.com\/?post_type=product&#038;p=1319"},"modified":"2025-03-19T21:33:56","modified_gmt":"2025-03-19T21:33:56","slug":"jitomate-cereza","status":"publish","type":"product","link":"https:\/\/manantialdelasflores.com\/en\/shop\/jitomate-cereza\/","title":{"rendered":"Semilla de Jitomate Cereza"},"content":{"rendered":"<p>Lycopersicum esculentum<\/p>\n<p>El jitomate es una planta anual nativa de Sudam\u00e9rica y domesticada principalmente en M\u00e9xico. El jitomate cereza es de crecimiento indeterminado y produce manojos de peque\u00f1as flores amarillas que se trasforman en dulces y jugosas frutillas de tama\u00f1o peque\u00f1o (3 cm de di\u00e1metro) que maduran en un apetitoso color rojo. Es una planta muy vigorosa de r\u00e1pido crecimiento y muy productiva.<\/p>\n<p><strong>M\u00e9todo de Siembra: <\/strong>Sembrar en alm\u00e1cigo desde febrero en interior\u00a0 y trasplantar a cama doble excavaci\u00f3n a 50 cm enterrando profundamente las ra\u00edces en un lugar soleado, es mejor si los apoyas desde j\u00f3venes con tutores. Dejar que los frutos maduren lo m\u00e1s posible en la planta y entonces cortar con tijeras desde el tallo.<\/p>\n<p><strong>Contenido aproximado:<\/strong> 25 semillas<\/p>\n","protected":false},"excerpt":{"rendered":"<p>Semillas de polinizaci\u00f3n abierta cultivadas con m\u00e9todos totalmente naturales en el Rancho Agroecol\u00f3gico Agua Escondida y seleccionadas artesanalmente.<\/p>\n","protected":false},"featured_media":0,"comment_status":"open","ping_status":"closed","template":"","meta":[],"product_brand":[],"product_cat":[484,325,326,466],"product_tag":[],"class_list":{"0":"post-1319","1":"product","2":"type-product","3":"status-publish","5":"product_cat-frutas","6":"product_cat-jardin","7":"product_cat-semillas","8":"product_cat-verduras-y-vegetales","10":"first","11":"instock","12":"shipping-taxable","13":"purchasable","14":"product-type-simple"},"_links":{"self":[{"href":"https:\/\/manantialdelasflores.com\/en\/wp-json\/wp\/v2\/product\/1319","targetHints":{"allow":["GET"]}}],"collection":[{"href":"https:\/\/manantialdelasflores.com\/en\/wp-json\/wp\/v2\/product"}],"about":[{"href":"https:\/\/manantialdelasflores.com\/en\/wp-json\/wp\/v2\/types\/product"}],"replies":[{"embeddable":true,"href":"https:\/\/manantialdelasflores.com\/en\/wp-json\/wp\/v2\/comments?post=1319"}],"wp:attachment":[{"href":"https:\/\/manantialdelasflores.com\/en\/wp-json\/wp\/v2\/media?parent=1319"}],"wp:term":[{"taxonomy":"product_brand","embeddable":true,"href":"https:\/\/manantialdelasflores.com\/en\/wp-json\/wp\/v2\/product_brand?post=1319"},{"taxonomy":"product_cat","embeddable":true,"href":"https:\/\/manantialdelasflores.com\/en\/wp-json\/wp\/v2\/product_cat?post=1319"},{"taxonomy":"product_tag","embeddable":true,"href":"https:\/\/manantialdelasflores.com\/en\/wp-json\/wp\/v2\/product_tag?post=1319"}],"curies":[{"name":"wp","href":"https:\/\/api.w.org\/{rel}","templated":true}]}}