{"id":1326,"date":"2024-08-20T15:33:53","date_gmt":"2024-08-20T15:33:53","guid":{"rendered":"https:\/\/manantialdelasflores.com\/?post_type=product&#038;p=1326"},"modified":"2025-03-19T21:33:56","modified_gmt":"2025-03-19T21:33:56","slug":"jitomate-citlalli","status":"publish","type":"product","link":"https:\/\/manantialdelasflores.com\/en\/shop\/jitomate-citlalli\/","title":{"rendered":"Semilla de Jitomate Citlalli"},"content":{"rendered":"<p>Lycopersicum esculentum<\/p>\n<p><strong>M\u00e9todo de Siembra: <\/strong>Sembrar en alm\u00e1cigo desde febrero en interior\u00a0 y trasplantar a cama doble excavaci\u00f3n a 50 cm enterrando profundamente las ra\u00edces a pleno sol. Es mejor apoyar con tutores. Dejar que los frutos maduren lo m\u00e1s posible en la planta y entonces cortar con tijeras desde el tallo.<\/p>\n<p><strong>Contenido aproximado:<\/strong> 25 semillas<\/p>\n","protected":false},"excerpt":{"rendered":"<p>El jitomate es una planta anual nativa de Sudam\u00e9rica y domesticada principalmente en M\u00e9xico. El citlalli es una variedad\u00a0 muy productiva y resistente de crecimiento indeterminado que produce peque\u00f1os racimos de jitomatitos de 1 cm de di\u00e1metro perfectamente redondos y colorados. Ideal para salsas crudas.<\/p>\n<p>&nbsp;<\/p>\n","protected":false},"featured_media":1407,"comment_status":"open","ping_status":"closed","template":"","meta":[],"product_brand":[],"product_cat":[484,325,326,466],"product_tag":[],"class_list":{"0":"post-1326","1":"product","2":"type-product","3":"status-publish","4":"has-post-thumbnail","6":"product_cat-frutas","7":"product_cat-jardin","8":"product_cat-semillas","9":"product_cat-verduras-y-vegetales","11":"first","12":"instock","13":"shipping-taxable","14":"purchasable","15":"product-type-simple"},"_links":{"self":[{"href":"https:\/\/manantialdelasflores.com\/en\/wp-json\/wp\/v2\/product\/1326","targetHints":{"allow":["GET"]}}],"collection":[{"href":"https:\/\/manantialdelasflores.com\/en\/wp-json\/wp\/v2\/product"}],"about":[{"href":"https:\/\/manantialdelasflores.com\/en\/wp-json\/wp\/v2\/types\/product"}],"replies":[{"embeddable":true,"href":"https:\/\/manantialdelasflores.com\/en\/wp-json\/wp\/v2\/comments?post=1326"}],"wp:featuredmedia":[{"embeddable":true,"href":"https:\/\/manantialdelasflores.com\/en\/wp-json\/wp\/v2\/media\/1407"}],"wp:attachment":[{"href":"https:\/\/manantialdelasflores.com\/en\/wp-json\/wp\/v2\/media?parent=1326"}],"wp:term":[{"taxonomy":"product_brand","embeddable":true,"href":"https:\/\/manantialdelasflores.com\/en\/wp-json\/wp\/v2\/product_brand?post=1326"},{"taxonomy":"product_cat","embeddable":true,"href":"https:\/\/manantialdelasflores.com\/en\/wp-json\/wp\/v2\/product_cat?post=1326"},{"taxonomy":"product_tag","embeddable":true,"href":"https:\/\/manantialdelasflores.com\/en\/wp-json\/wp\/v2\/product_tag?post=1326"}],"curies":[{"name":"wp","href":"https:\/\/api.w.org\/{rel}","templated":true}]}}