{"id":1337,"date":"2024-09-03T16:08:39","date_gmt":"2024-09-03T16:08:39","guid":{"rendered":"https:\/\/manantialdelasflores.com\/?post_type=product&#038;p=1337"},"modified":"2025-03-19T21:33:54","modified_gmt":"2025-03-19T21:33:54","slug":"nomeolvides","status":"publish","type":"product","link":"https:\/\/manantialdelasflores.com\/en\/shop\/nomeolvides\/","title":{"rendered":"Semilla de Nomeolvides"},"content":{"rendered":"<p>Myosotis sylvatica<\/p>\n<p><strong>M\u00e9todo de Siembra:<\/strong> Se siembran en alm\u00e1cigos y se trasplantan a 30 cm. Muy adecuadas para orillas de arriate. Les gusta el sol pero aguantan un poco de sombra. Tambi\u00e9n se pueden sembrar en maceta y mantener dentro durante el invierno. Ensemillan f\u00e1cilmente.<\/p>\n<p><strong>Contenido aproximado: <\/strong>50 semillas<\/p>\n","protected":false},"excerpt":{"rendered":"<p>Plantas peque\u00f1as compactas con hojas verdes gris\u00e1ceo con peque\u00f1as flores azul \u00edndigo que se dan en racimos; llega a crecer hasta 40 cm. Florean toda la primavera y parte del verano y pueden usarse para flores de corte y son comestibles siempre y cuando no se les hayan agregado agroqu\u00edmicos.<\/p>\n","protected":false},"featured_media":1181,"comment_status":"open","ping_status":"closed","template":"","meta":[],"product_brand":[],"product_cat":[463,325,326],"product_tag":[],"class_list":{"0":"post-1337","1":"product","2":"type-product","3":"status-publish","4":"has-post-thumbnail","6":"product_cat-flores-comestibles","7":"product_cat-jardin","8":"product_cat-semillas","10":"first","11":"instock","12":"shipping-taxable","13":"purchasable","14":"product-type-simple"},"_links":{"self":[{"href":"https:\/\/manantialdelasflores.com\/en\/wp-json\/wp\/v2\/product\/1337","targetHints":{"allow":["GET"]}}],"collection":[{"href":"https:\/\/manantialdelasflores.com\/en\/wp-json\/wp\/v2\/product"}],"about":[{"href":"https:\/\/manantialdelasflores.com\/en\/wp-json\/wp\/v2\/types\/product"}],"replies":[{"embeddable":true,"href":"https:\/\/manantialdelasflores.com\/en\/wp-json\/wp\/v2\/comments?post=1337"}],"wp:featuredmedia":[{"embeddable":true,"href":"https:\/\/manantialdelasflores.com\/en\/wp-json\/wp\/v2\/media\/1181"}],"wp:attachment":[{"href":"https:\/\/manantialdelasflores.com\/en\/wp-json\/wp\/v2\/media?parent=1337"}],"wp:term":[{"taxonomy":"product_brand","embeddable":true,"href":"https:\/\/manantialdelasflores.com\/en\/wp-json\/wp\/v2\/product_brand?post=1337"},{"taxonomy":"product_cat","embeddable":true,"href":"https:\/\/manantialdelasflores.com\/en\/wp-json\/wp\/v2\/product_cat?post=1337"},{"taxonomy":"product_tag","embeddable":true,"href":"https:\/\/manantialdelasflores.com\/en\/wp-json\/wp\/v2\/product_tag?post=1337"}],"curies":[{"name":"wp","href":"https:\/\/api.w.org\/{rel}","templated":true}]}}