{"id":1346,"date":"2024-09-09T18:23:04","date_gmt":"2024-09-09T18:23:04","guid":{"rendered":"https:\/\/manantialdelasflores.com\/?post_type=product&#038;p=1346"},"modified":"2025-12-22T21:32:50","modified_gmt":"2025-12-22T21:32:50","slug":"rabanitos","status":"publish","type":"product","link":"https:\/\/manantialdelasflores.com\/en\/shop\/rabanitos\/","title":{"rendered":"Semilla de Rabanitos\u00a0"},"content":{"rendered":"<p>Raphanus sativus<\/p>\n<p><strong>M\u00e9todo de Siembra:<\/strong> Sembrar directo donde se van a cultivar a 5 cm de distancia y a 2 cm de profundidad a pleno sol. Es muy importante el riego. Se siembra durante toda la temporada de calor\u00a0 cada 10 d\u00edas para tener suficientes y cosecharlos tiernos para mejor sabor.<\/p>\n<p><strong>Contenido aproximado:<\/strong> 50 semillas<\/p>\n","protected":false},"excerpt":{"rendered":"<p>Los rabanitos son uno de los vegetales m\u00e1s f\u00e1ciles de cultivar. Las crujientes ra\u00edces con sabor ligeramente picante\u00a0 y variados colores y formas, son deliciosas en ensaladas o acompa\u00f1ando guisos como el pozole y los frijolitos refritos y son una rica fuente de calcio, hierro y vitamina C.<\/p>\n","protected":false},"featured_media":1404,"comment_status":"open","ping_status":"closed","template":"","meta":[],"product_brand":[],"product_cat":[325,326,466],"product_tag":[],"class_list":{"0":"post-1346","1":"product","2":"type-product","3":"status-publish","4":"has-post-thumbnail","6":"product_cat-jardin","7":"product_cat-semillas","8":"product_cat-verduras-y-vegetales","10":"first","11":"outofstock","12":"shipping-taxable","13":"purchasable","14":"product-type-simple"},"_links":{"self":[{"href":"https:\/\/manantialdelasflores.com\/en\/wp-json\/wp\/v2\/product\/1346","targetHints":{"allow":["GET"]}}],"collection":[{"href":"https:\/\/manantialdelasflores.com\/en\/wp-json\/wp\/v2\/product"}],"about":[{"href":"https:\/\/manantialdelasflores.com\/en\/wp-json\/wp\/v2\/types\/product"}],"replies":[{"embeddable":true,"href":"https:\/\/manantialdelasflores.com\/en\/wp-json\/wp\/v2\/comments?post=1346"}],"wp:featuredmedia":[{"embeddable":true,"href":"https:\/\/manantialdelasflores.com\/en\/wp-json\/wp\/v2\/media\/1404"}],"wp:attachment":[{"href":"https:\/\/manantialdelasflores.com\/en\/wp-json\/wp\/v2\/media?parent=1346"}],"wp:term":[{"taxonomy":"product_brand","embeddable":true,"href":"https:\/\/manantialdelasflores.com\/en\/wp-json\/wp\/v2\/product_brand?post=1346"},{"taxonomy":"product_cat","embeddable":true,"href":"https:\/\/manantialdelasflores.com\/en\/wp-json\/wp\/v2\/product_cat?post=1346"},{"taxonomy":"product_tag","embeddable":true,"href":"https:\/\/manantialdelasflores.com\/en\/wp-json\/wp\/v2\/product_tag?post=1346"}],"curies":[{"name":"wp","href":"https:\/\/api.w.org\/{rel}","templated":true}]}}