{"id":1350,"date":"2024-09-11T19:05:58","date_gmt":"2024-09-11T19:05:58","guid":{"rendered":"https:\/\/manantialdelasflores.com\/?post_type=product&#038;p=1350"},"modified":"2025-06-20T16:16:45","modified_gmt":"2025-06-20T16:16:45","slug":"verdolaga","status":"publish","type":"product","link":"https:\/\/manantialdelasflores.com\/en\/shop\/verdolaga\/","title":{"rendered":"Semilla de Verdolaga"},"content":{"rendered":"<p>Portulaca oleracea<\/p>\n<p><strong>M\u00e9todo de Siembra:<\/strong> Siembra directo en temporada fresca.<\/p>\n<p><strong>Contenido aproximado: <\/strong>60\u00a0semillas<\/p>\n","protected":false},"excerpt":{"rendered":"<p>La verdolaga es la fuente vegetal m\u00e1s rica en \u00e1cidos omega 3. Es una hoja peque\u00f1a y suculenta que puede comerse cruda en ensaladas o cocida en todo tipo de guiso. Es una planta anual, rastrera que se cosecha durante su larga temporada de crecimiento. Deja algunas flores para que se reproduzcan solas y reaparezcan a\u00f1o tras a\u00f1o.<\/p>\n","protected":false},"featured_media":1402,"comment_status":"open","ping_status":"closed","template":"","meta":[],"product_brand":[],"product_cat":[325,326,466],"product_tag":[],"class_list":{"0":"post-1350","1":"product","2":"type-product","3":"status-publish","4":"has-post-thumbnail","6":"product_cat-jardin","7":"product_cat-semillas","8":"product_cat-verduras-y-vegetales","10":"first","11":"outofstock","12":"shipping-taxable","13":"purchasable","14":"product-type-simple"},"_links":{"self":[{"href":"https:\/\/manantialdelasflores.com\/en\/wp-json\/wp\/v2\/product\/1350","targetHints":{"allow":["GET"]}}],"collection":[{"href":"https:\/\/manantialdelasflores.com\/en\/wp-json\/wp\/v2\/product"}],"about":[{"href":"https:\/\/manantialdelasflores.com\/en\/wp-json\/wp\/v2\/types\/product"}],"replies":[{"embeddable":true,"href":"https:\/\/manantialdelasflores.com\/en\/wp-json\/wp\/v2\/comments?post=1350"}],"wp:featuredmedia":[{"embeddable":true,"href":"https:\/\/manantialdelasflores.com\/en\/wp-json\/wp\/v2\/media\/1402"}],"wp:attachment":[{"href":"https:\/\/manantialdelasflores.com\/en\/wp-json\/wp\/v2\/media?parent=1350"}],"wp:term":[{"taxonomy":"product_brand","embeddable":true,"href":"https:\/\/manantialdelasflores.com\/en\/wp-json\/wp\/v2\/product_brand?post=1350"},{"taxonomy":"product_cat","embeddable":true,"href":"https:\/\/manantialdelasflores.com\/en\/wp-json\/wp\/v2\/product_cat?post=1350"},{"taxonomy":"product_tag","embeddable":true,"href":"https:\/\/manantialdelasflores.com\/en\/wp-json\/wp\/v2\/product_tag?post=1350"}],"curies":[{"name":"wp","href":"https:\/\/api.w.org\/{rel}","templated":true}]}}