{"id":1362,"date":"2024-09-20T21:46:17","date_gmt":"2024-09-20T21:46:17","guid":{"rendered":"https:\/\/manantialdelasflores.com\/?post_type=product&#038;p=1362"},"modified":"2025-03-19T21:33:53","modified_gmt":"2025-03-19T21:33:53","slug":"semilla-de-calabacita-redonda","status":"publish","type":"product","link":"https:\/\/manantialdelasflores.com\/en\/shop\/semilla-de-calabacita-redonda\/","title":{"rendered":"Semilla de Calabacita Redonda"},"content":{"rendered":"<p>Curcubita pepo<\/p>\n<p><strong>M\u00e9todo de Siembra:<\/strong> Sembrar directo a 1m de distancia donde tenga facilidad de extenderse. Abonar bien a la hora de sembrar y luego 2 veces m\u00e1s cada mes. Necesita pleno sol. El mejor momento para sembrarla es febrero<\/p>\n<p><strong>Contenido aproximado: <\/strong>25 semillas<\/p>\n","protected":false},"excerpt":{"rendered":"<p>Esta Calabaza rastrera tiene un alto y una muy buena polinizaci\u00f3n. Las calabacitas pueden cortarse tiernas desde que tienen un di\u00e1metro de 5 cm o dejarse madurar como calabaza de castilla. Las flores macho (que no tienen una calabacita form\u00e1ndose en su tallo), suministran flores durante meses para cocinar. son excelentes para rellenar pero su suave sabor las hace ideales para cualquier platillo. Su color va desde el verde tierno, verde oscuro hasta un amarillo dorado seg\u00fan su madurez.<\/p>\n","protected":false},"featured_media":0,"comment_status":"open","ping_status":"closed","template":"","meta":[],"product_brand":[],"product_cat":[463,325,326,466],"product_tag":[327],"class_list":{"0":"post-1362","1":"product","2":"type-product","3":"status-publish","5":"product_cat-flores-comestibles","6":"product_cat-jardin","7":"product_cat-semillas","8":"product_cat-verduras-y-vegetales","9":"product_tag-semillas","11":"first","12":"instock","13":"shipping-taxable","14":"purchasable","15":"product-type-simple"},"_links":{"self":[{"href":"https:\/\/manantialdelasflores.com\/en\/wp-json\/wp\/v2\/product\/1362","targetHints":{"allow":["GET"]}}],"collection":[{"href":"https:\/\/manantialdelasflores.com\/en\/wp-json\/wp\/v2\/product"}],"about":[{"href":"https:\/\/manantialdelasflores.com\/en\/wp-json\/wp\/v2\/types\/product"}],"replies":[{"embeddable":true,"href":"https:\/\/manantialdelasflores.com\/en\/wp-json\/wp\/v2\/comments?post=1362"}],"wp:attachment":[{"href":"https:\/\/manantialdelasflores.com\/en\/wp-json\/wp\/v2\/media?parent=1362"}],"wp:term":[{"taxonomy":"product_brand","embeddable":true,"href":"https:\/\/manantialdelasflores.com\/en\/wp-json\/wp\/v2\/product_brand?post=1362"},{"taxonomy":"product_cat","embeddable":true,"href":"https:\/\/manantialdelasflores.com\/en\/wp-json\/wp\/v2\/product_cat?post=1362"},{"taxonomy":"product_tag","embeddable":true,"href":"https:\/\/manantialdelasflores.com\/en\/wp-json\/wp\/v2\/product_tag?post=1362"}],"curies":[{"name":"wp","href":"https:\/\/api.w.org\/{rel}","templated":true}]}}