{"id":1365,"date":"2024-09-20T22:22:26","date_gmt":"2024-09-20T22:22:26","guid":{"rendered":"https:\/\/manantialdelasflores.com\/?post_type=product&#038;p=1365"},"modified":"2025-03-19T21:33:52","modified_gmt":"2025-03-19T21:33:52","slug":"col-china","status":"publish","type":"product","link":"https:\/\/manantialdelasflores.com\/en\/shop\/col-china\/","title":{"rendered":"Semilla de Col China"},"content":{"rendered":"<p>Brassica rapa<\/p>\n<p><strong>M\u00e9todo de Siembra:<\/strong> Sembrar en intervalos desde el oto\u00f1o hasta\u00a0 marzo, pues prefiere el clima fresco. En camas de doble excavaci\u00f3n sembrar a 30cm y a 60cm en excavaci\u00f3n sencilla. Lista en 45 d\u00edas a partir de la siembra ya sea en alm\u00e1cigo o siembra directa sobre el suelo.<\/p>\n<p><strong>Contenido aproximado: <\/strong>200 semillas<\/p>\n","protected":false},"excerpt":{"rendered":"<p>Col tipo lechuga de crecimiento r\u00e1pido con hojas y tallos crujientes, hojas onduladas verde claro. Suave sabor menos parecido a las otras coles y m\u00e1s a la lechuga; ideal para ensaladas pero en sopas tambi\u00e9n es deliciosa.<\/p>\n","protected":false},"featured_media":0,"comment_status":"open","ping_status":"closed","template":"","meta":[],"product_brand":[],"product_cat":[325,326,466],"product_tag":[327],"class_list":{"0":"post-1365","1":"product","2":"type-product","3":"status-publish","5":"product_cat-jardin","6":"product_cat-semillas","7":"product_cat-verduras-y-vegetales","8":"product_tag-semillas","10":"first","11":"instock","12":"shipping-taxable","13":"purchasable","14":"product-type-simple"},"_links":{"self":[{"href":"https:\/\/manantialdelasflores.com\/en\/wp-json\/wp\/v2\/product\/1365","targetHints":{"allow":["GET"]}}],"collection":[{"href":"https:\/\/manantialdelasflores.com\/en\/wp-json\/wp\/v2\/product"}],"about":[{"href":"https:\/\/manantialdelasflores.com\/en\/wp-json\/wp\/v2\/types\/product"}],"replies":[{"embeddable":true,"href":"https:\/\/manantialdelasflores.com\/en\/wp-json\/wp\/v2\/comments?post=1365"}],"wp:attachment":[{"href":"https:\/\/manantialdelasflores.com\/en\/wp-json\/wp\/v2\/media?parent=1365"}],"wp:term":[{"taxonomy":"product_brand","embeddable":true,"href":"https:\/\/manantialdelasflores.com\/en\/wp-json\/wp\/v2\/product_brand?post=1365"},{"taxonomy":"product_cat","embeddable":true,"href":"https:\/\/manantialdelasflores.com\/en\/wp-json\/wp\/v2\/product_cat?post=1365"},{"taxonomy":"product_tag","embeddable":true,"href":"https:\/\/manantialdelasflores.com\/en\/wp-json\/wp\/v2\/product_tag?post=1365"}],"curies":[{"name":"wp","href":"https:\/\/api.w.org\/{rel}","templated":true}]}}