{"id":1374,"date":"2024-09-26T18:49:09","date_gmt":"2024-09-26T18:49:09","guid":{"rendered":"https:\/\/manantialdelasflores.com\/?post_type=product&#038;p=1374"},"modified":"2025-12-22T21:32:24","modified_gmt":"2025-12-22T21:32:24","slug":"semilla-de-girasol-agua-escondida","status":"publish","type":"product","link":"https:\/\/manantialdelasflores.com\/en\/shop\/semilla-de-girasol-agua-escondida\/","title":{"rendered":"Semilla de Girasol Agua Escondida"},"content":{"rendered":"<p>Helianthus annuus<\/p>\n<p><strong>M\u00e9todo de Siembra:<\/strong> Sembrar directo en primavera y oto\u00f1o. Cubrir las semilla con composta y aterrar bien para que no se doblen cuando crezcan. Es conveniente colocar tutores antes de la floraci\u00f3n y volver a abonar cuando \u00e9sta comience. Mantener h\u00famedas y acolchadas. Cosechar para ornato las que tengan los tallos largos y dejar e el jard\u00edn las de tallos m\u00e1s cortos para que maduren las semillas<\/p>\n<p><strong>Contenido aproximado: <\/strong>35\u00a0semillas<\/p>\n","protected":false},"excerpt":{"rendered":"<p>Bell\u00edsimo girasol de flores m\u00faltiples en colores que van del amarillo, dorado al marr\u00f3n y que crece hasta 2m de altura. Sus p\u00e9talos\u00a0 y sus semillas maduras son comestibles. Las hojas son buen alimento para gallinas. En el jard\u00edn atrae insectos ben\u00e9ficos y mariposas y proporciona sombra ligera en el tiempo muy soleado.<\/p>\n","protected":false},"featured_media":0,"comment_status":"open","ping_status":"closed","template":"","meta":[],"product_brand":[],"product_cat":[463,483,484,325,326],"product_tag":[327],"class_list":{"0":"post-1374","1":"product","2":"type-product","3":"status-publish","5":"product_cat-flores-comestibles","6":"product_cat-flores-de-ornato","7":"product_cat-frutas","8":"product_cat-jardin","9":"product_cat-semillas","10":"product_tag-semillas","12":"first","13":"outofstock","14":"shipping-taxable","15":"purchasable","16":"product-type-simple"},"_links":{"self":[{"href":"https:\/\/manantialdelasflores.com\/en\/wp-json\/wp\/v2\/product\/1374","targetHints":{"allow":["GET"]}}],"collection":[{"href":"https:\/\/manantialdelasflores.com\/en\/wp-json\/wp\/v2\/product"}],"about":[{"href":"https:\/\/manantialdelasflores.com\/en\/wp-json\/wp\/v2\/types\/product"}],"replies":[{"embeddable":true,"href":"https:\/\/manantialdelasflores.com\/en\/wp-json\/wp\/v2\/comments?post=1374"}],"wp:attachment":[{"href":"https:\/\/manantialdelasflores.com\/en\/wp-json\/wp\/v2\/media?parent=1374"}],"wp:term":[{"taxonomy":"product_brand","embeddable":true,"href":"https:\/\/manantialdelasflores.com\/en\/wp-json\/wp\/v2\/product_brand?post=1374"},{"taxonomy":"product_cat","embeddable":true,"href":"https:\/\/manantialdelasflores.com\/en\/wp-json\/wp\/v2\/product_cat?post=1374"},{"taxonomy":"product_tag","embeddable":true,"href":"https:\/\/manantialdelasflores.com\/en\/wp-json\/wp\/v2\/product_tag?post=1374"}],"curies":[{"name":"wp","href":"https:\/\/api.w.org\/{rel}","templated":true}]}}