{"id":1377,"date":"2024-09-26T19:42:16","date_gmt":"2024-09-26T19:42:16","guid":{"rendered":"https:\/\/manantialdelasflores.com\/?post_type=product&#038;p=1377"},"modified":"2026-04-06T19:03:43","modified_gmt":"2026-04-06T19:03:43","slug":"semilla-de-hinojo-de-florencia","status":"publish","type":"product","link":"https:\/\/manantialdelasflores.com\/en\/shop\/semilla-de-hinojo-de-florencia\/","title":{"rendered":"Semilla de Hinojo de Florencia"},"content":{"rendered":"<p>Foeniculum vulgare<\/p>\n<p><strong>M\u00e9todo de Siembra:<\/strong> Sembrar al final del invierno y del verano en alm\u00e1cigo o directamente en tierra rica y ligeramente alcalina, a 30cm de distancia y mantener la tierra h\u00fameda. Cosechar toda la planta cuando form\u00f3 su bulbo y antes de que sus tallos empiecen a alargarse para florecer. Pero si quieres semillas, permite que crezcan y desarrollen sus bellas flores amarillas en forma de sombrilla que se convertir\u00e1n en ricas semillas de sabor anisado<\/p>\n<p><strong>Contenido aproximado: <\/strong>40 semillas<\/p>\n","protected":false},"excerpt":{"rendered":"<p>Vistosa y elegante planta de origen romano con largas hojas verde claro en forma de plumas que se usan para ensaladas y adornos de platillos, excelentes para marinar pescado. Suculentos bulbos que se usan en sopas, ensaladas y guisados y arom\u00e1ticas semillas para reposter\u00eda, dulces y bebidas.<\/p>\n","protected":false},"featured_media":0,"comment_status":"open","ping_status":"closed","template":"","meta":[],"product_brand":[],"product_cat":[464,465,325,326,466],"product_tag":[327],"class_list":{"0":"post-1377","1":"product","2":"type-product","3":"status-publish","5":"product_cat-hierbas-culinarias","6":"product_cat-hierbas-medicinales","7":"product_cat-jardin","8":"product_cat-semillas","9":"product_cat-verduras-y-vegetales","10":"product_tag-semillas","12":"first","13":"instock","14":"shipping-taxable","15":"purchasable","16":"product-type-simple"},"_links":{"self":[{"href":"https:\/\/manantialdelasflores.com\/en\/wp-json\/wp\/v2\/product\/1377","targetHints":{"allow":["GET"]}}],"collection":[{"href":"https:\/\/manantialdelasflores.com\/en\/wp-json\/wp\/v2\/product"}],"about":[{"href":"https:\/\/manantialdelasflores.com\/en\/wp-json\/wp\/v2\/types\/product"}],"replies":[{"embeddable":true,"href":"https:\/\/manantialdelasflores.com\/en\/wp-json\/wp\/v2\/comments?post=1377"}],"wp:attachment":[{"href":"https:\/\/manantialdelasflores.com\/en\/wp-json\/wp\/v2\/media?parent=1377"}],"wp:term":[{"taxonomy":"product_brand","embeddable":true,"href":"https:\/\/manantialdelasflores.com\/en\/wp-json\/wp\/v2\/product_brand?post=1377"},{"taxonomy":"product_cat","embeddable":true,"href":"https:\/\/manantialdelasflores.com\/en\/wp-json\/wp\/v2\/product_cat?post=1377"},{"taxonomy":"product_tag","embeddable":true,"href":"https:\/\/manantialdelasflores.com\/en\/wp-json\/wp\/v2\/product_tag?post=1377"}],"curies":[{"name":"wp","href":"https:\/\/api.w.org\/{rel}","templated":true}]}}