{"id":1384,"date":"2024-10-03T18:12:18","date_gmt":"2024-10-03T18:12:18","guid":{"rendered":"https:\/\/manantialdelasflores.com\/?post_type=product&#038;p=1384"},"modified":"2026-04-06T19:03:24","modified_gmt":"2026-04-06T19:03:24","slug":"semilla-de-mezcla-de-jitomate-antiguo","status":"publish","type":"product","link":"https:\/\/manantialdelasflores.com\/en\/shop\/semilla-de-mezcla-de-jitomate-antiguo\/","title":{"rendered":"Semilla de Mezcla de jitomate antiguo"},"content":{"rendered":"<p>Lycopersicon esculentum<\/p>\n<p><strong>M\u00e9todo de Siembra:<\/strong> Siembra en alm\u00e1cigo desde febrero en interior y trasplanta a cama de doble excavaci\u00f3n a 50cm enterrando profundamente las ra\u00edces a pleno sol. Dejar que los frutos maduren lo mas posible en la planta y entonces cortar con tijeras desde el tallo. Estos jitomates pueden usarse en salsas, guisados, ensaladas y sopas.<\/p>\n<p><strong>Contenido aproximado: <\/strong>50 semillas<\/p>\n","protected":false},"excerpt":{"rendered":"<p>Sorpresivas formas, tama\u00f1os y colores de jitomate que nos descubren nuevos sabores en esta colecci\u00f3n que se ha venido salvando de generaci\u00f3n en generaci\u00f3n.<\/p>\n","protected":false},"featured_media":0,"comment_status":"open","ping_status":"closed","template":"","meta":[],"product_brand":[],"product_cat":[484,325,326,466],"product_tag":[327],"class_list":{"0":"post-1384","1":"product","2":"type-product","3":"status-publish","5":"product_cat-frutas","6":"product_cat-jardin","7":"product_cat-semillas","8":"product_cat-verduras-y-vegetales","9":"product_tag-semillas","11":"first","12":"instock","13":"shipping-taxable","14":"purchasable","15":"product-type-simple"},"_links":{"self":[{"href":"https:\/\/manantialdelasflores.com\/en\/wp-json\/wp\/v2\/product\/1384","targetHints":{"allow":["GET"]}}],"collection":[{"href":"https:\/\/manantialdelasflores.com\/en\/wp-json\/wp\/v2\/product"}],"about":[{"href":"https:\/\/manantialdelasflores.com\/en\/wp-json\/wp\/v2\/types\/product"}],"replies":[{"embeddable":true,"href":"https:\/\/manantialdelasflores.com\/en\/wp-json\/wp\/v2\/comments?post=1384"}],"wp:attachment":[{"href":"https:\/\/manantialdelasflores.com\/en\/wp-json\/wp\/v2\/media?parent=1384"}],"wp:term":[{"taxonomy":"product_brand","embeddable":true,"href":"https:\/\/manantialdelasflores.com\/en\/wp-json\/wp\/v2\/product_brand?post=1384"},{"taxonomy":"product_cat","embeddable":true,"href":"https:\/\/manantialdelasflores.com\/en\/wp-json\/wp\/v2\/product_cat?post=1384"},{"taxonomy":"product_tag","embeddable":true,"href":"https:\/\/manantialdelasflores.com\/en\/wp-json\/wp\/v2\/product_tag?post=1384"}],"curies":[{"name":"wp","href":"https:\/\/api.w.org\/{rel}","templated":true}]}}