{"id":1385,"date":"2024-10-03T18:20:40","date_gmt":"2024-10-03T18:20:40","guid":{"rendered":"https:\/\/manantialdelasflores.com\/?post_type=product&#038;p=1385"},"modified":"2026-05-05T13:52:21","modified_gmt":"2026-05-05T13:52:21","slug":"semilla-de-mostaza-morada","status":"publish","type":"product","link":"https:\/\/manantialdelasflores.com\/en\/shop\/semilla-de-mostaza-morada\/","title":{"rendered":"Semilla de Mostaza Morada"},"content":{"rendered":"<p>Brassica juncea<\/p>\n<p><strong>M\u00e9todo de Siembra:<\/strong> Pueden sembrarse directo en camas de doble excavaci\u00f3n a 40cm cubriendo las semillas con un poco de tierra o en alm\u00e1cigo y luego trasplantar. Germina en una semana aproximadamente. Es mejor sembrarlas a fines de verano y continuar haci\u00e9ndolo hasta febrero. Abonar dos veces durante su crecimiento. Se van cortando las hojas exteriores a medida que se van necesitando.<\/p>\n<p><strong>Contenido aproximado: <\/strong>200 semillas<\/p>\n","protected":false},"excerpt":{"rendered":"<p>Vistosa y bell\u00edsima verdura con grandes hojas en tonos morados que pueden consumirse. Tienen una larga temporada de producci\u00f3n. Puede comerse en ensalada o en sofritos.<\/p>\n","protected":false},"featured_media":0,"comment_status":"open","ping_status":"closed","template":"","meta":[],"product_brand":[],"product_cat":[463,325,326,466],"product_tag":[327],"class_list":{"0":"post-1385","1":"product","2":"type-product","3":"status-publish","5":"product_cat-flores-comestibles","6":"product_cat-jardin","7":"product_cat-semillas","8":"product_cat-verduras-y-vegetales","9":"product_tag-semillas","11":"first","12":"instock","13":"shipping-taxable","14":"purchasable","15":"product-type-simple"},"_links":{"self":[{"href":"https:\/\/manantialdelasflores.com\/en\/wp-json\/wp\/v2\/product\/1385","targetHints":{"allow":["GET"]}}],"collection":[{"href":"https:\/\/manantialdelasflores.com\/en\/wp-json\/wp\/v2\/product"}],"about":[{"href":"https:\/\/manantialdelasflores.com\/en\/wp-json\/wp\/v2\/types\/product"}],"replies":[{"embeddable":true,"href":"https:\/\/manantialdelasflores.com\/en\/wp-json\/wp\/v2\/comments?post=1385"}],"wp:attachment":[{"href":"https:\/\/manantialdelasflores.com\/en\/wp-json\/wp\/v2\/media?parent=1385"}],"wp:term":[{"taxonomy":"product_brand","embeddable":true,"href":"https:\/\/manantialdelasflores.com\/en\/wp-json\/wp\/v2\/product_brand?post=1385"},{"taxonomy":"product_cat","embeddable":true,"href":"https:\/\/manantialdelasflores.com\/en\/wp-json\/wp\/v2\/product_cat?post=1385"},{"taxonomy":"product_tag","embeddable":true,"href":"https:\/\/manantialdelasflores.com\/en\/wp-json\/wp\/v2\/product_tag?post=1385"}],"curies":[{"name":"wp","href":"https:\/\/api.w.org\/{rel}","templated":true}]}}