{"id":1386,"date":"2024-10-03T18:29:36","date_gmt":"2024-10-03T18:29:36","guid":{"rendered":"https:\/\/manantialdelasflores.com\/?post_type=product&#038;p=1386"},"modified":"2026-04-24T06:28:51","modified_gmt":"2026-04-24T06:28:51","slug":"semilla-de-tatsoi","status":"publish","type":"product","link":"https:\/\/manantialdelasflores.com\/en\/shop\/semilla-de-tatsoi\/","title":{"rendered":"Semilla de Tatsoi"},"content":{"rendered":"<p>Brassica rapa<\/p>\n<p><strong>M\u00e9todo de Siembra:<\/strong> Sembrar durante el oto\u00f1o y seguir sembrando cada 15 d\u00edas unas cuantas para tener constantemente, hasta que llegue el frio o calor intenso. Est\u00e1n listos para cosecharse en 40 o 50 d\u00edas y se arranca la planta completa. Es mejor sembrar en alm\u00e1cigo y trasplantar a 25 cm de distancia en cama de doble excavaci\u00f3n con un poco de abono natural. Mantener estable la humedad y suficiente luz.<\/p>\n<p><strong>Contenido aproximado: <\/strong>200 semillas<\/p>\n","protected":false},"excerpt":{"rendered":"<p>Una bell\u00edsima roseta de hojas peque\u00f1as verdes oscuras de sabor suave parecido a la espinaca muy f\u00e1cil de cultivar. Se pueden comer crudas, cocidas o fritas en el wok para platillos orientales.<\/p>\n","protected":false},"featured_media":0,"comment_status":"open","ping_status":"closed","template":"","meta":[],"product_brand":[],"product_cat":[325,326,466],"product_tag":[327],"class_list":{"0":"post-1386","1":"product","2":"type-product","3":"status-publish","5":"product_cat-jardin","6":"product_cat-semillas","7":"product_cat-verduras-y-vegetales","8":"product_tag-semillas","10":"first","11":"instock","12":"shipping-taxable","13":"purchasable","14":"product-type-simple"},"_links":{"self":[{"href":"https:\/\/manantialdelasflores.com\/en\/wp-json\/wp\/v2\/product\/1386","targetHints":{"allow":["GET"]}}],"collection":[{"href":"https:\/\/manantialdelasflores.com\/en\/wp-json\/wp\/v2\/product"}],"about":[{"href":"https:\/\/manantialdelasflores.com\/en\/wp-json\/wp\/v2\/types\/product"}],"replies":[{"embeddable":true,"href":"https:\/\/manantialdelasflores.com\/en\/wp-json\/wp\/v2\/comments?post=1386"}],"wp:attachment":[{"href":"https:\/\/manantialdelasflores.com\/en\/wp-json\/wp\/v2\/media?parent=1386"}],"wp:term":[{"taxonomy":"product_brand","embeddable":true,"href":"https:\/\/manantialdelasflores.com\/en\/wp-json\/wp\/v2\/product_brand?post=1386"},{"taxonomy":"product_cat","embeddable":true,"href":"https:\/\/manantialdelasflores.com\/en\/wp-json\/wp\/v2\/product_cat?post=1386"},{"taxonomy":"product_tag","embeddable":true,"href":"https:\/\/manantialdelasflores.com\/en\/wp-json\/wp\/v2\/product_tag?post=1386"}],"curies":[{"name":"wp","href":"https:\/\/api.w.org\/{rel}","templated":true}]}}