{"id":1397,"date":"2024-10-18T13:04:27","date_gmt":"2024-10-18T13:04:27","guid":{"rendered":"https:\/\/manantialdelasflores.com\/?post_type=product&#038;p=1397"},"modified":"2026-04-17T08:23:35","modified_gmt":"2026-04-17T08:23:35","slug":"semilla-de-albahaca-sagrada-tulsi","status":"publish","type":"product","link":"https:\/\/manantialdelasflores.com\/en\/shop\/semilla-de-albahaca-sagrada-tulsi\/","title":{"rendered":"Semilla de Albahaca sagrada (Tulsi)"},"content":{"rendered":"<p>Ocimum sanctum<\/p>\n<p><strong>M\u00e9todo de Siembra:<\/strong> Se pueden sembrar directo o en alm\u00e1cigo en la temporada calurosa. La distancia definitiva entre planta y planta deber\u00e1 ser de 40 cm, si se siembra en maceta \u00e9sta tendr\u00e1 que medir m\u00ednimo unos 30 cm de altura y de di\u00e1metro. Necesita pleno sol y agua a discreci\u00f3n. Abona al trasplantar y cuando empiece a florear. Est\u00e1 lista para su primera poda, que debe ser hasta la mitad de altura de la planta, seca las hojas y flores para tiempos fr\u00edos y ve cortando las hojas para masticarlas frescas pero no lo hagas muy agresivamente.<\/p>\n<p><strong>Contenido aproximado: <\/strong>25 semillas<\/p>\n","protected":false},"excerpt":{"rendered":"<p>La albahaca sagrada es una planta muy importante en la medicina ayurveda. Es \u00fatil para mejorar la digesti\u00f3n, el animo y descongestionar las v\u00edas respiratorias principalmente. Se consume en t\u00e9 o se mastican las hojas reci\u00e9n cortadas.<\/p>\n","protected":false},"featured_media":0,"comment_status":"open","ping_status":"closed","template":"","meta":[],"product_brand":[],"product_cat":[465,325,326],"product_tag":[327],"class_list":{"0":"post-1397","1":"product","2":"type-product","3":"status-publish","5":"product_cat-hierbas-medicinales","6":"product_cat-jardin","7":"product_cat-semillas","8":"product_tag-semillas","10":"first","11":"instock","12":"shipping-taxable","13":"purchasable","14":"product-type-simple"},"_links":{"self":[{"href":"https:\/\/manantialdelasflores.com\/en\/wp-json\/wp\/v2\/product\/1397","targetHints":{"allow":["GET"]}}],"collection":[{"href":"https:\/\/manantialdelasflores.com\/en\/wp-json\/wp\/v2\/product"}],"about":[{"href":"https:\/\/manantialdelasflores.com\/en\/wp-json\/wp\/v2\/types\/product"}],"replies":[{"embeddable":true,"href":"https:\/\/manantialdelasflores.com\/en\/wp-json\/wp\/v2\/comments?post=1397"}],"wp:attachment":[{"href":"https:\/\/manantialdelasflores.com\/en\/wp-json\/wp\/v2\/media?parent=1397"}],"wp:term":[{"taxonomy":"product_brand","embeddable":true,"href":"https:\/\/manantialdelasflores.com\/en\/wp-json\/wp\/v2\/product_brand?post=1397"},{"taxonomy":"product_cat","embeddable":true,"href":"https:\/\/manantialdelasflores.com\/en\/wp-json\/wp\/v2\/product_cat?post=1397"},{"taxonomy":"product_tag","embeddable":true,"href":"https:\/\/manantialdelasflores.com\/en\/wp-json\/wp\/v2\/product_tag?post=1397"}],"curies":[{"name":"wp","href":"https:\/\/api.w.org\/{rel}","templated":true}]}}