{"id":14,"date":"2022-11-09T17:52:59","date_gmt":"2022-11-09T17:52:59","guid":{"rendered":"https:\/\/manantialdelasflores.com\/?post_type=product&#038;p=14"},"modified":"2026-04-06T19:06:50","modified_gmt":"2026-04-06T19:06:50","slug":"jabon-de-rosas-y-geranio","status":"publish","type":"product","link":"https:\/\/manantialdelasflores.com\/en\/shop\/jabon-de-rosas-y-geranio\/","title":{"rendered":"Jab\u00f3n de rosas y geranio"},"content":{"rendered":"<div class=\"short-description\">\n<div class=\"sku\">\n<p>Hecho con p\u00e9talos de rosas y hojas de geranio, es relajante, afrodisiaco y antidepresivo.<span class=\"ILfuVd\" lang=\"es\"><span class=\"hgKElc\"> Es rico, suave y envolvente, deja una espuma densa y penetrante en la piel que la hace sentir suave y sensual.<\/span><\/span>\u00a0Estimula la circulaci\u00f3n. Antis\u00e9ptico, desinflamante, cicatrizante y equilibrador de la grasa cut\u00e1nea.\u00a0 Mitiga la ansiedad. Cualidad arom\u00e1tica: relajante, afrodisiaco y antidepresivo.<\/p>\n<p><strong>Ingredientes:<\/strong> Aceite de oliva prensado en fr\u00edo, aceite de coco, aceite de girasol, p\u00e9talos de rosa y hojas de geranio cultivados agroecologicamente por nosotros y aceite esencial de palmarosa.<\/p>\n<p><strong>Presentaci\u00f3n:<\/strong> Barra de 90g envuelta en papel kraft reciclado y biodegradable.<\/p>\n<\/div>\n<\/div>\n","protected":false},"excerpt":{"rendered":"<div class=\"short-description\">\n<div class=\"std\">Para ba<span class=\"ILfuVd\" lang=\"es\"><span class=\"hgKElc\">\u00f1o y cutis. <\/span><\/span>Especial para la mujer de piel sensible o manchada y para cutis mixto. Ilumina la piel. 100% vegano y natural.<\/div>\n<div><\/div>\n<div class=\"std\"><\/div>\n<\/div>\n","protected":false},"featured_media":64,"comment_status":"open","ping_status":"closed","template":"","meta":[],"product_brand":[],"product_cat":[18,17],"product_tag":[151,24,20,331,19,22,23,330,329,21,150],"class_list":{"0":"post-14","1":"product","2":"type-product","3":"status-publish","4":"has-post-thumbnail","6":"product_cat-cuidado-corporal","7":"product_cat-jabones-artesanales","8":"product_tag-artesanal","9":"product_tag-cutis-mixto","10":"product_tag-geranio","11":"product_tag-ilumina-piel","12":"product_tag-jabon","13":"product_tag-mujer","14":"product_tag-piel","15":"product_tag-piel-manchada","16":"product_tag-piel-sensible","17":"product_tag-rosas","18":"product_tag-vegano","20":"first","21":"instock","22":"featured","23":"shipping-taxable","24":"purchasable","25":"product-type-simple"},"_links":{"self":[{"href":"https:\/\/manantialdelasflores.com\/en\/wp-json\/wp\/v2\/product\/14","targetHints":{"allow":["GET"]}}],"collection":[{"href":"https:\/\/manantialdelasflores.com\/en\/wp-json\/wp\/v2\/product"}],"about":[{"href":"https:\/\/manantialdelasflores.com\/en\/wp-json\/wp\/v2\/types\/product"}],"replies":[{"embeddable":true,"href":"https:\/\/manantialdelasflores.com\/en\/wp-json\/wp\/v2\/comments?post=14"}],"wp:featuredmedia":[{"embeddable":true,"href":"https:\/\/manantialdelasflores.com\/en\/wp-json\/wp\/v2\/media\/64"}],"wp:attachment":[{"href":"https:\/\/manantialdelasflores.com\/en\/wp-json\/wp\/v2\/media?parent=14"}],"wp:term":[{"taxonomy":"product_brand","embeddable":true,"href":"https:\/\/manantialdelasflores.com\/en\/wp-json\/wp\/v2\/product_brand?post=14"},{"taxonomy":"product_cat","embeddable":true,"href":"https:\/\/manantialdelasflores.com\/en\/wp-json\/wp\/v2\/product_cat?post=14"},{"taxonomy":"product_tag","embeddable":true,"href":"https:\/\/manantialdelasflores.com\/en\/wp-json\/wp\/v2\/product_tag?post=14"}],"curies":[{"name":"wp","href":"https:\/\/api.w.org\/{rel}","templated":true}]}}