{"id":144,"date":"2022-11-28T23:50:41","date_gmt":"2022-11-28T23:50:41","guid":{"rendered":"https:\/\/manantialdelasflores.com\/?post_type=product&#038;p=144"},"modified":"2025-03-19T21:34:57","modified_gmt":"2025-03-19T21:34:57","slug":"pasta-dental-calendula","status":"publish","type":"product","link":"https:\/\/manantialdelasflores.com\/en\/shop\/pasta-dental-calendula\/","title":{"rendered":"Pasta dental cal\u00e9ndula"},"content":{"rendered":"<div class=\"short-description\">\n<div class=\"std\">\n<div class=\"std\">\n<p>Esta pasta por su suave sabor y componentes, est\u00e1 tambi\u00e9n indicada para los ni\u00f1os, ya que ellos est\u00e1n m\u00e1s expuestos a los efectos adversos de las pastas comerciales pues en ocasiones la tragan. Es adecuada para las personas que se curan con homeopat<span class=\"mw-page-title-main\">\u00ed<\/span>a. Cubre las enc\u00edas y las protege con las aguas destiladas que contiene, los extractos mantienen desinfectada y desinflamada la zona y aceites esenciales que combaten bacterias y mitigan el dolor. Hecha <span class=\"s1\">con ingredientes naturales y bot\u00e1nicos cultivados por nosotros mismos.\u00a0<\/span>Recuerda que no es necesario usar grandes cantidades de pasta dental, sino cepillar correctamente.<\/p>\n<p><strong>Ingredientes:<\/strong> Carbonato de calcio, agua destilada, extracto e infusi\u00f3n de Calendula officinalis \u00a0(cal\u00e9ndula), glicerina vegetal, extractos Glicyrrhiza glabra (orozuz), Commiphora myrrha (mirra), goma xantana,\u00a0 s\u00edlice, stevia, xilitol, aceites esenciales de hinojo y mirra y como conservador aceite de semilla de toronja.<\/p>\n<\/div>\n<\/div>\n<div><strong>Presentaci\u00f3n:<\/strong>\u00a0Tubo de polietileno de baja densidad reciclable con 65g.<\/div>\n<\/div>\n","protected":false},"excerpt":{"rendered":"<p>Para protecci\u00f3n de enc<span class=\"mw-page-title-main\">\u00ed<\/span>as y para ni\u00f1os.<span class=\"s1\">\u00a0100% natural y vegana.<\/span><\/p>\n","protected":false},"featured_media":142,"comment_status":"open","ping_status":"closed","template":"","meta":[],"product_brand":[],"product_cat":[18,45],"product_tag":[48,46,47],"class_list":{"0":"post-144","1":"product","2":"type-product","3":"status-publish","4":"has-post-thumbnail","6":"product_cat-cuidado-corporal","7":"product_cat-higiene-bucal","8":"product_tag-calendula","9":"product_tag-higiene-bucal","10":"product_tag-pasta-dental","12":"first","13":"instock","14":"shipping-taxable","15":"purchasable","16":"product-type-simple"},"_links":{"self":[{"href":"https:\/\/manantialdelasflores.com\/en\/wp-json\/wp\/v2\/product\/144","targetHints":{"allow":["GET"]}}],"collection":[{"href":"https:\/\/manantialdelasflores.com\/en\/wp-json\/wp\/v2\/product"}],"about":[{"href":"https:\/\/manantialdelasflores.com\/en\/wp-json\/wp\/v2\/types\/product"}],"replies":[{"embeddable":true,"href":"https:\/\/manantialdelasflores.com\/en\/wp-json\/wp\/v2\/comments?post=144"}],"wp:featuredmedia":[{"embeddable":true,"href":"https:\/\/manantialdelasflores.com\/en\/wp-json\/wp\/v2\/media\/142"}],"wp:attachment":[{"href":"https:\/\/manantialdelasflores.com\/en\/wp-json\/wp\/v2\/media?parent=144"}],"wp:term":[{"taxonomy":"product_brand","embeddable":true,"href":"https:\/\/manantialdelasflores.com\/en\/wp-json\/wp\/v2\/product_brand?post=144"},{"taxonomy":"product_cat","embeddable":true,"href":"https:\/\/manantialdelasflores.com\/en\/wp-json\/wp\/v2\/product_cat?post=144"},{"taxonomy":"product_tag","embeddable":true,"href":"https:\/\/manantialdelasflores.com\/en\/wp-json\/wp\/v2\/product_tag?post=144"}],"curies":[{"name":"wp","href":"https:\/\/api.w.org\/{rel}","templated":true}]}}