{"id":145,"date":"2022-11-29T18:46:38","date_gmt":"2022-11-29T18:46:38","guid":{"rendered":"https:\/\/manantialdelasflores.com\/?post_type=product&#038;p=145"},"modified":"2025-03-19T21:34:57","modified_gmt":"2025-03-19T21:34:57","slug":"surtido-de-jabones-artesanales","status":"publish","type":"product","link":"https:\/\/manantialdelasflores.com\/en\/shop\/surtido-de-jabones-artesanales\/","title":{"rendered":"Surtido de Jabones Artesanales"},"content":{"rendered":"<p class=\"p1\"><span class=\"s1\">Los jabones artesanales de Manantial de las Flores tienen personalidad. Sus texturas, tonos y propiedades se logran con hierbas, flores, cortezas, frutos y ra\u00edces cultivadas por nosotros en el Rancho Agroecol\u00f3gico Agua Escondida y con aceites esenciales puros. Utilizamos la aromaterapia para que nuestros jabones ayuden a restaurar el equilibrio de las emociones e incrementar sus propiedades ben\u00e9ficas para la piel.<\/p>\n<p><\/span><strong>Presentaci\u00f3n:<\/strong> C<span class=\"s1\">ajita <\/span>100% biodegradable\u00a0<span class=\"s1\">de cart\u00f3n fuerte con 250g.<\/span><\/p>\n","protected":false},"excerpt":{"rendered":"<p class=\"p1\"><span class=\"s1\">En una cajita biodegradable 100% de cart\u00f3n, colocamos 5 jaboncitos artesanales variados de 50 gramos cada uno de nuestra colecci\u00f3n de 10 tipos de jab\u00f3n para diversas finalidades; pero fundamentalmente para limpiar suavemente tu piel sin resecarla. <\/span><span class=\"s1\">Perfecto para conocer la calidad de nuestros jabones y para regalo. <\/span><span class=\"s1\">100% veganos y naturales.<\/span><\/p>\n","protected":false},"featured_media":146,"comment_status":"open","ping_status":"closed","template":"","meta":[],"product_brand":[],"product_cat":[18,17],"product_tag":[203,151,202,19,199,201,200,49,174],"class_list":{"0":"post-145","1":"product","2":"type-product","3":"status-publish","4":"has-post-thumbnail","6":"product_cat-cuidado-corporal","7":"product_cat-jabones-artesanales","8":"product_tag-arbol-de-te-y-naranja","9":"product_tag-artesanal","10":"product_tag-canela-y-salvia","11":"product_tag-jabon","12":"product_tag-lima-y-alga-espirulina","13":"product_tag-limon-y-calendula","14":"product_tag-rosas-y-geranio","15":"product_tag-surtido","16":"product_tag-toronja","18":"first","19":"instock","20":"shipping-taxable","21":"purchasable","22":"product-type-simple"},"_links":{"self":[{"href":"https:\/\/manantialdelasflores.com\/en\/wp-json\/wp\/v2\/product\/145","targetHints":{"allow":["GET"]}}],"collection":[{"href":"https:\/\/manantialdelasflores.com\/en\/wp-json\/wp\/v2\/product"}],"about":[{"href":"https:\/\/manantialdelasflores.com\/en\/wp-json\/wp\/v2\/types\/product"}],"replies":[{"embeddable":true,"href":"https:\/\/manantialdelasflores.com\/en\/wp-json\/wp\/v2\/comments?post=145"}],"wp:featuredmedia":[{"embeddable":true,"href":"https:\/\/manantialdelasflores.com\/en\/wp-json\/wp\/v2\/media\/146"}],"wp:attachment":[{"href":"https:\/\/manantialdelasflores.com\/en\/wp-json\/wp\/v2\/media?parent=145"}],"wp:term":[{"taxonomy":"product_brand","embeddable":true,"href":"https:\/\/manantialdelasflores.com\/en\/wp-json\/wp\/v2\/product_brand?post=145"},{"taxonomy":"product_cat","embeddable":true,"href":"https:\/\/manantialdelasflores.com\/en\/wp-json\/wp\/v2\/product_cat?post=145"},{"taxonomy":"product_tag","embeddable":true,"href":"https:\/\/manantialdelasflores.com\/en\/wp-json\/wp\/v2\/product_tag?post=145"}],"curies":[{"name":"wp","href":"https:\/\/api.w.org\/{rel}","templated":true}]}}