{"id":147,"date":"2024-04-30T19:54:33","date_gmt":"2024-04-30T19:54:33","guid":{"rendered":"https:\/\/manantialdelasflores.com\/?post_type=product&#038;p=147"},"modified":"2025-05-04T19:25:41","modified_gmt":"2025-05-04T19:25:41","slug":"crema-humectante","status":"publish","type":"product","link":"https:\/\/manantialdelasflores.com\/en\/shop\/crema-humectante\/","title":{"rendered":"Crema facial humectante"},"content":{"rendered":"<div class=\"short-description\">\n<div class=\"std\">\n<p>Esta crema se utiliza durante el d\u00eda despu\u00e9s de limpiar el cutis y de aplicar la loci\u00f3n t\u00f3nica correspondiente al tipo de cutis preferentemente con la piel humedecida con una toalla caliente, permite que penetre durante 20 minutos y retira con una toallita facial el excedente sin frotar.<\/p>\n<p><strong>Ingredientes: <\/strong>Aceite de jojoba, aceite de hemp, aceite de ajonjol\u00ed, aceite de coco extra virgen, manteca de cacao; flores de milenrama, de lavanda , de cal\u00e9ndula, y rosas blancas silvestres agroecol\u00f3gicas, cera de candelilla y aceites esenciales de Alhucema, lavanda y milenrama.<\/p>\n<p><strong>Presentaci\u00f3n:<\/strong> Tarro de vidrio de 50 g.<\/p>\n<\/div>\n<\/div>\n","protected":false},"excerpt":{"rendered":"<p>Aporta y acarrea a las c\u00e9lulas de la piel el agua que necesitan para mantener la elasticidad y el brillo y para conservarla joven.<\/p>\n","protected":false},"featured_media":362,"comment_status":"open","ping_status":"closed","template":"","meta":[],"product_brand":[],"product_cat":[50,18,217],"product_tag":[51,52,53],"class_list":{"0":"post-147","1":"product","2":"type-product","3":"status-publish","4":"has-post-thumbnail","6":"product_cat-cremas","7":"product_cat-cuidado-corporal","8":"product_cat-cuidado-de-la-piel","9":"product_tag-crema-faciales","10":"product_tag-humectante","11":"product_tag-jojoba","12":"product_shipping_class-pickup-only","14":"first","15":"outofstock","16":"shipping-taxable","17":"purchasable","18":"product-type-simple"},"_links":{"self":[{"href":"https:\/\/manantialdelasflores.com\/en\/wp-json\/wp\/v2\/product\/147","targetHints":{"allow":["GET"]}}],"collection":[{"href":"https:\/\/manantialdelasflores.com\/en\/wp-json\/wp\/v2\/product"}],"about":[{"href":"https:\/\/manantialdelasflores.com\/en\/wp-json\/wp\/v2\/types\/product"}],"replies":[{"embeddable":true,"href":"https:\/\/manantialdelasflores.com\/en\/wp-json\/wp\/v2\/comments?post=147"}],"wp:featuredmedia":[{"embeddable":true,"href":"https:\/\/manantialdelasflores.com\/en\/wp-json\/wp\/v2\/media\/362"}],"wp:attachment":[{"href":"https:\/\/manantialdelasflores.com\/en\/wp-json\/wp\/v2\/media?parent=147"}],"wp:term":[{"taxonomy":"product_brand","embeddable":true,"href":"https:\/\/manantialdelasflores.com\/en\/wp-json\/wp\/v2\/product_brand?post=147"},{"taxonomy":"product_cat","embeddable":true,"href":"https:\/\/manantialdelasflores.com\/en\/wp-json\/wp\/v2\/product_cat?post=147"},{"taxonomy":"product_tag","embeddable":true,"href":"https:\/\/manantialdelasflores.com\/en\/wp-json\/wp\/v2\/product_tag?post=147"}],"curies":[{"name":"wp","href":"https:\/\/api.w.org\/{rel}","templated":true}]}}