{"id":162,"date":"2022-12-01T19:58:03","date_gmt":"2022-12-01T19:58:03","guid":{"rendered":"https:\/\/manantialdelasflores.com\/?post_type=product&#038;p=162"},"modified":"2025-03-19T21:34:56","modified_gmt":"2025-03-19T21:34:56","slug":"pomada-de-tratamiento-intensivo","status":"publish","type":"product","link":"https:\/\/manantialdelasflores.com\/en\/shop\/pomada-de-tratamiento-intensivo\/","title":{"rendered":"Pomada de tratamiento intensivo"},"content":{"rendered":"<div class=\"short-description\">\n<div class=\"std\">\n<p class=\"p1\"><span class=\"s1\">En el invierno la piel de cualquier tipo suele resecarse m\u00e1s que en cualquier otra estaci\u00f3n y esta pomada, usada por la noche, ayuda a mantenerla el\u00e1stica y suave. Extender sobre la piel limpia con movimientos rotatorios ascendentes.<\/p>\n<p><\/span><strong>Ingredientes:<\/strong> Aceite de macadamia, aceite de hemp, aceite de ch\u00eda, aceite de rosa mosqueta, aceite de aguacate, aceite de coco, aceite de primula, Vitamina E, manteca de karit\u00e9, manteca de cacao, cera de candelilla, aceites esenciales zanahoria, hinojo, mirra, naranja y manzanilla.<\/p>\n<\/div>\n<div>\n<strong>Presentaci\u00f3n:<\/strong> Tarro de vidrio de 60 g.<\/p>\n<\/div>\n<\/div>\n","protected":false},"excerpt":{"rendered":"<p>Para<span class=\"s1\"> la piel madura y\/o reseca y\/o maltratada.<\/span><\/p>\n","protected":false},"featured_media":375,"comment_status":"open","ping_status":"closed","template":"","meta":[],"product_brand":[],"product_cat":[50,18,217],"product_tag":[55,106],"class_list":{"0":"post-162","1":"product","2":"type-product","3":"status-publish","4":"has-post-thumbnail","6":"product_cat-cremas","7":"product_cat-cuidado-corporal","8":"product_cat-cuidado-de-la-piel","9":"product_tag-intensivo","10":"product_tag-pomada-de-tratamiento","12":"first","13":"instock","14":"shipping-taxable","15":"purchasable","16":"product-type-simple"},"_links":{"self":[{"href":"https:\/\/manantialdelasflores.com\/en\/wp-json\/wp\/v2\/product\/162","targetHints":{"allow":["GET"]}}],"collection":[{"href":"https:\/\/manantialdelasflores.com\/en\/wp-json\/wp\/v2\/product"}],"about":[{"href":"https:\/\/manantialdelasflores.com\/en\/wp-json\/wp\/v2\/types\/product"}],"replies":[{"embeddable":true,"href":"https:\/\/manantialdelasflores.com\/en\/wp-json\/wp\/v2\/comments?post=162"}],"wp:featuredmedia":[{"embeddable":true,"href":"https:\/\/manantialdelasflores.com\/en\/wp-json\/wp\/v2\/media\/375"}],"wp:attachment":[{"href":"https:\/\/manantialdelasflores.com\/en\/wp-json\/wp\/v2\/media?parent=162"}],"wp:term":[{"taxonomy":"product_brand","embeddable":true,"href":"https:\/\/manantialdelasflores.com\/en\/wp-json\/wp\/v2\/product_brand?post=162"},{"taxonomy":"product_cat","embeddable":true,"href":"https:\/\/manantialdelasflores.com\/en\/wp-json\/wp\/v2\/product_cat?post=162"},{"taxonomy":"product_tag","embeddable":true,"href":"https:\/\/manantialdelasflores.com\/en\/wp-json\/wp\/v2\/product_tag?post=162"}],"curies":[{"name":"wp","href":"https:\/\/api.w.org\/{rel}","templated":true}]}}