{"id":168,"date":"2022-11-30T18:19:59","date_gmt":"2022-11-30T18:19:59","guid":{"rendered":"https:\/\/manantialdelasflores.com\/?post_type=product&#038;p=168"},"modified":"2025-05-04T19:26:09","modified_gmt":"2025-05-04T19:26:09","slug":"crema-nutritiva","status":"publish","type":"product","link":"https:\/\/manantialdelasflores.com\/en\/shop\/crema-nutritiva\/","title":{"rendered":"Crema facial nutritiva"},"content":{"rendered":"<div class=\"short-description\">\n<div class=\"std\">\n<p>La producimos con nuestras flores org\u00e1nicas: Manzanilla para hidratar y proteger la piel sensible y sa\u00faco para aportar Vitamina C natural, flores de geranio rosas, cal\u00e9ndula y pachuli. Para nutrir usamos aceite de germen de trigo prensado en fr\u00edo y aceite de aguacate org\u00e1nico producido en nuestra regi\u00f3n as\u00ed como aceite de ajonjol\u00ed por sus propiedades suavizantes y rosa mosqueta por sus efectos antioxidantes y sus cualidades antiedad y aceite de coco extra virgen y Manteca de cacao.<\/p>\n<p><strong>Ingredientes: <\/strong>aceites de ajonjol\u00ed, aguacate, rosa mosqueta, germen de trigo y coco; manteca de cacao; cera de candelilla, Pelargonium graveolens (geranio), Rosa spp (rosas), Matricaria recutita (manzanilla), Calendula officinalis (cal\u00e9ndula), Pogostemon cablin (pachul\u00ed), (sa\u00faco) agua destilada de geranio y aceites esenciales de neroli, geranio y manzanilla.<\/p>\n<p><strong>Presentaci\u00f3n:<\/strong> Tarro de vidrio de 50 g.<\/p>\n<\/div>\n<\/div>\n","protected":false},"excerpt":{"rendered":"<p>La rica combinaci\u00f3n de elementos nutritivos hace ideal esta crema para cutis opaco, seco o maduro, puede utilizarse durante la noche como preventivo de estos mismos problemas y para restaurar el cutis sensible y\/o enrojecido.<\/p>\n","protected":false},"featured_media":370,"comment_status":"open","ping_status":"closed","template":"","meta":[],"product_brand":[],"product_cat":[50,18,217],"product_tag":[58,61],"class_list":{"0":"post-168","1":"product","2":"type-product","3":"status-publish","4":"has-post-thumbnail","6":"product_cat-cremas","7":"product_cat-cuidado-corporal","8":"product_cat-cuidado-de-la-piel","9":"product_tag-crema","10":"product_tag-nutritiva","12":"first","13":"outofstock","14":"shipping-taxable","15":"purchasable","16":"product-type-simple"},"_links":{"self":[{"href":"https:\/\/manantialdelasflores.com\/en\/wp-json\/wp\/v2\/product\/168","targetHints":{"allow":["GET"]}}],"collection":[{"href":"https:\/\/manantialdelasflores.com\/en\/wp-json\/wp\/v2\/product"}],"about":[{"href":"https:\/\/manantialdelasflores.com\/en\/wp-json\/wp\/v2\/types\/product"}],"replies":[{"embeddable":true,"href":"https:\/\/manantialdelasflores.com\/en\/wp-json\/wp\/v2\/comments?post=168"}],"wp:featuredmedia":[{"embeddable":true,"href":"https:\/\/manantialdelasflores.com\/en\/wp-json\/wp\/v2\/media\/370"}],"wp:attachment":[{"href":"https:\/\/manantialdelasflores.com\/en\/wp-json\/wp\/v2\/media?parent=168"}],"wp:term":[{"taxonomy":"product_brand","embeddable":true,"href":"https:\/\/manantialdelasflores.com\/en\/wp-json\/wp\/v2\/product_brand?post=168"},{"taxonomy":"product_cat","embeddable":true,"href":"https:\/\/manantialdelasflores.com\/en\/wp-json\/wp\/v2\/product_cat?post=168"},{"taxonomy":"product_tag","embeddable":true,"href":"https:\/\/manantialdelasflores.com\/en\/wp-json\/wp\/v2\/product_tag?post=168"}],"curies":[{"name":"wp","href":"https:\/\/api.w.org\/{rel}","templated":true}]}}