{"id":169,"date":"2022-11-30T18:25:09","date_gmt":"2022-11-30T18:25:09","guid":{"rendered":"https:\/\/manantialdelasflores.com\/?post_type=product&#038;p=169"},"modified":"2025-03-19T21:34:56","modified_gmt":"2025-03-19T21:34:56","slug":"crema-limpiadora","status":"publish","type":"product","link":"https:\/\/manantialdelasflores.com\/en\/shop\/crema-limpiadora\/","title":{"rendered":"Crema facial limpiadora"},"content":{"rendered":"<div class=\"short-description\">\n<div class=\"sku\">\n<p>Esta suave y deliciosa crema est\u00e1 elaborada con flores de lavanda que tienen cualidades depurativas, desinflamantes, antis\u00e9pticas y limpiadoras, flores de sa\u00faco utilizadas desde tiempos inmemoriales para lograr brillantez y flores de jazm\u00edn para mantener firme la piel del rostro.<\/p>\n<p><strong>Ingredientes:<\/strong> Aceite de oliva prensado en fr\u00edo, aceite de ajonjol\u00ed, agua destilada de de flores de lavanda y jazm\u00edn org\u00e1nicas, cera de abeja pura y aceite esencial de lavanda.<\/p>\n<p><strong>Presentaci\u00f3n:<\/strong> Tarro de cristal de 50g<\/p>\n<\/div>\n<\/div>\n","protected":false},"excerpt":{"rendered":"<p>Esta suave y deliciosa crema est\u00e1 elaborada con flores de lavanda que tienen cualidades depurativas, desinflamantes, antis\u00e9pticas y limpiadoras, flores de sa\u00faco utilizadas desde tiempos inmemoriales para lograr brillantez y flores de jazm\u00edn para mantener firme la piel del rostro.<\/p>\n","protected":false},"featured_media":365,"comment_status":"open","ping_status":"closed","template":"","meta":[],"product_brand":[],"product_cat":[50,18,217],"product_tag":[51,44,62],"class_list":{"0":"post-169","1":"product","2":"type-product","3":"status-publish","4":"has-post-thumbnail","6":"product_cat-cremas","7":"product_cat-cuidado-corporal","8":"product_cat-cuidado-de-la-piel","9":"product_tag-crema-faciales","10":"product_tag-lavanda","11":"product_tag-limpiadora","13":"first","14":"instock","15":"shipping-taxable","16":"purchasable","17":"product-type-simple"},"_links":{"self":[{"href":"https:\/\/manantialdelasflores.com\/en\/wp-json\/wp\/v2\/product\/169","targetHints":{"allow":["GET"]}}],"collection":[{"href":"https:\/\/manantialdelasflores.com\/en\/wp-json\/wp\/v2\/product"}],"about":[{"href":"https:\/\/manantialdelasflores.com\/en\/wp-json\/wp\/v2\/types\/product"}],"replies":[{"embeddable":true,"href":"https:\/\/manantialdelasflores.com\/en\/wp-json\/wp\/v2\/comments?post=169"}],"wp:featuredmedia":[{"embeddable":true,"href":"https:\/\/manantialdelasflores.com\/en\/wp-json\/wp\/v2\/media\/365"}],"wp:attachment":[{"href":"https:\/\/manantialdelasflores.com\/en\/wp-json\/wp\/v2\/media?parent=169"}],"wp:term":[{"taxonomy":"product_brand","embeddable":true,"href":"https:\/\/manantialdelasflores.com\/en\/wp-json\/wp\/v2\/product_brand?post=169"},{"taxonomy":"product_cat","embeddable":true,"href":"https:\/\/manantialdelasflores.com\/en\/wp-json\/wp\/v2\/product_cat?post=169"},{"taxonomy":"product_tag","embeddable":true,"href":"https:\/\/manantialdelasflores.com\/en\/wp-json\/wp\/v2\/product_tag?post=169"}],"curies":[{"name":"wp","href":"https:\/\/api.w.org\/{rel}","templated":true}]}}