{"id":1699,"date":"2025-01-01T17:26:21","date_gmt":"2025-01-01T17:26:21","guid":{"rendered":"https:\/\/manantialdelasflores.com\/?post_type=product&#038;p=1699"},"modified":"2026-04-15T00:32:04","modified_gmt":"2026-04-15T00:32:04","slug":"semilla-de-santamaria","status":"publish","type":"product","link":"https:\/\/manantialdelasflores.com\/en\/shop\/semilla-de-santamaria\/","title":{"rendered":"Semilla de Santamar\u00eda"},"content":{"rendered":"<p>Tanacetum Parthenium<\/p>\n<p><strong>M\u00e9todo de Siembra: <\/strong>Sembrar en alm\u00e1cigo y trasplantar a una distancia de 35cm de distancia. Evitar que se encharque. Si se mantiene un pH alcalino se mantiene como perenne. Abonar al trasplantar y al mes, luego cuando florece. Podar en primavera y oto\u00f1o y secar las hojas para guardar. despu\u00e9s de la floraci\u00f3n podar lo seco.<\/p>\n<p><strong>Contenido aproximado: <\/strong>50 semillas<\/p>\n","protected":false},"excerpt":{"rendered":"<p>Atractiva planta con flores parecidas a la manzanilla cuyas hojas son medicinales para reducir la fiebre y las migra\u00f1as principalmente. Su sabor es amargo. Crece hasta 60cm de altura y florece durante el verano.<\/p>\n","protected":false},"featured_media":0,"comment_status":"open","ping_status":"closed","template":"","meta":[],"product_brand":[],"product_cat":[463,465,325,326],"product_tag":[327],"class_list":{"0":"post-1699","1":"product","2":"type-product","3":"status-publish","5":"product_cat-flores-comestibles","6":"product_cat-hierbas-medicinales","7":"product_cat-jardin","8":"product_cat-semillas","9":"product_tag-semillas","11":"first","12":"instock","13":"shipping-taxable","14":"purchasable","15":"product-type-simple"},"_links":{"self":[{"href":"https:\/\/manantialdelasflores.com\/en\/wp-json\/wp\/v2\/product\/1699","targetHints":{"allow":["GET"]}}],"collection":[{"href":"https:\/\/manantialdelasflores.com\/en\/wp-json\/wp\/v2\/product"}],"about":[{"href":"https:\/\/manantialdelasflores.com\/en\/wp-json\/wp\/v2\/types\/product"}],"replies":[{"embeddable":true,"href":"https:\/\/manantialdelasflores.com\/en\/wp-json\/wp\/v2\/comments?post=1699"}],"wp:attachment":[{"href":"https:\/\/manantialdelasflores.com\/en\/wp-json\/wp\/v2\/media?parent=1699"}],"wp:term":[{"taxonomy":"product_brand","embeddable":true,"href":"https:\/\/manantialdelasflores.com\/en\/wp-json\/wp\/v2\/product_brand?post=1699"},{"taxonomy":"product_cat","embeddable":true,"href":"https:\/\/manantialdelasflores.com\/en\/wp-json\/wp\/v2\/product_cat?post=1699"},{"taxonomy":"product_tag","embeddable":true,"href":"https:\/\/manantialdelasflores.com\/en\/wp-json\/wp\/v2\/product_tag?post=1699"}],"curies":[{"name":"wp","href":"https:\/\/api.w.org\/{rel}","templated":true}]}}