{"id":1700,"date":"2025-01-01T17:31:57","date_gmt":"2025-01-01T17:31:57","guid":{"rendered":"https:\/\/manantialdelasflores.com\/?post_type=product&#038;p=1700"},"modified":"2026-04-06T19:06:49","modified_gmt":"2026-04-06T19:06:49","slug":"semilla-de-calabaza-de-castilla","status":"publish","type":"product","link":"https:\/\/manantialdelasflores.com\/en\/shop\/semilla-de-calabaza-de-castilla\/","title":{"rendered":"Semilla de Calabaza de castilla"},"content":{"rendered":"<p>Tanacetum Parthenuim<\/p>\n<p><strong>M\u00e9todo de Siembra: <\/strong>Plantar en primavera 4 semillas en grupo a 3 metros de distancia. Crece y se extiende durante 4 meses y comienza a producir muchas flores masculinas (las reconoces porque no tienen un peque\u00f1ito fruto atr\u00e1s) que hay que cortar para usar y flores femeninas que se convertir\u00e1n en las calabazas que pueden pesar hasta 3 kilos y medir hasta 20cm. de di\u00e1metro. Necesitan espacio, sol y abundante composta cada mes. Cosechar cuando ya se colorean de anaranjado y una vez cortadas siguen madurando hasta 8 meses en lugar seco y oscuro.<\/p>\n<p><strong>Contenido aproximado: <\/strong>50 semillas<\/p>\n","protected":false},"excerpt":{"rendered":"<p>La tradicional calabaza de noviembre: grande, redonda, piel y pulpa anaranjada. Ideal para tartas, sopas y la calabaza en tacha, se extiende rastrera varios metros.<\/p>\n","protected":false},"featured_media":0,"comment_status":"open","ping_status":"closed","template":"","meta":[],"product_brand":[],"product_cat":[325,326,466],"product_tag":[327],"class_list":{"0":"post-1700","1":"product","2":"type-product","3":"status-publish","5":"product_cat-jardin","6":"product_cat-semillas","7":"product_cat-verduras-y-vegetales","8":"product_tag-semillas","10":"first","11":"instock","12":"shipping-taxable","13":"purchasable","14":"product-type-simple"},"_links":{"self":[{"href":"https:\/\/manantialdelasflores.com\/en\/wp-json\/wp\/v2\/product\/1700","targetHints":{"allow":["GET"]}}],"collection":[{"href":"https:\/\/manantialdelasflores.com\/en\/wp-json\/wp\/v2\/product"}],"about":[{"href":"https:\/\/manantialdelasflores.com\/en\/wp-json\/wp\/v2\/types\/product"}],"replies":[{"embeddable":true,"href":"https:\/\/manantialdelasflores.com\/en\/wp-json\/wp\/v2\/comments?post=1700"}],"wp:attachment":[{"href":"https:\/\/manantialdelasflores.com\/en\/wp-json\/wp\/v2\/media?parent=1700"}],"wp:term":[{"taxonomy":"product_brand","embeddable":true,"href":"https:\/\/manantialdelasflores.com\/en\/wp-json\/wp\/v2\/product_brand?post=1700"},{"taxonomy":"product_cat","embeddable":true,"href":"https:\/\/manantialdelasflores.com\/en\/wp-json\/wp\/v2\/product_cat?post=1700"},{"taxonomy":"product_tag","embeddable":true,"href":"https:\/\/manantialdelasflores.com\/en\/wp-json\/wp\/v2\/product_tag?post=1700"}],"curies":[{"name":"wp","href":"https:\/\/api.w.org\/{rel}","templated":true}]}}