{"id":1701,"date":"2025-01-01T17:33:48","date_gmt":"2025-01-01T17:33:48","guid":{"rendered":"https:\/\/manantialdelasflores.com\/?post_type=product&#038;p=1701"},"modified":"2026-04-17T08:23:53","modified_gmt":"2026-04-17T08:23:53","slug":"semilla-de-arnica","status":"publish","type":"product","link":"https:\/\/manantialdelasflores.com\/en\/shop\/semilla-de-arnica\/","title":{"rendered":"Semilla de \u00c1rnica"},"content":{"rendered":"<p>Arnica montana<\/p>\n<p><strong>M\u00e9todo de Siembra: <\/strong>Es mejor remojar las semillas 24 horas, colar y sembrar en alm\u00e1cigos con 25% de arena a \u00bd cm. de profundidad, mantener la tierra ligeramente h\u00fameda y esperar la germinaci\u00f3n de 7 a 10 d\u00edas, luego trasplantar con abono cuando tienen 3 pares de hojas verdaderas. Volver a abonar cuando comienza la floraci\u00f3n.<\/p>\n<p><strong>Contenido aproximado:<\/strong>50 semillas<\/p>\n","protected":false},"excerpt":{"rendered":"<p>El \u00e1rnica es una planta herb\u00e1cea perenne de 20-70cm de altura. Sus flores se han usado desde hace cientos de a\u00f1os para aliviar moretones, golpes y dolores musculares. Su uso es t\u00f3pico y no s\u0119 recomienda su ingesti\u00f3n. Las flores de \u00e1rnica se recolectan tempranamente cuando apenas abren sus flores durante su per\u00edodo de floraci\u00f3n en julio-agosto<\/p>\n","protected":false},"featured_media":0,"comment_status":"open","ping_status":"closed","template":"","meta":[],"product_brand":[],"product_cat":[325,326,466],"product_tag":[327],"class_list":{"0":"post-1701","1":"product","2":"type-product","3":"status-publish","5":"product_cat-jardin","6":"product_cat-semillas","7":"product_cat-verduras-y-vegetales","8":"product_tag-semillas","10":"first","11":"instock","12":"shipping-taxable","13":"purchasable","14":"product-type-simple"},"_links":{"self":[{"href":"https:\/\/manantialdelasflores.com\/en\/wp-json\/wp\/v2\/product\/1701","targetHints":{"allow":["GET"]}}],"collection":[{"href":"https:\/\/manantialdelasflores.com\/en\/wp-json\/wp\/v2\/product"}],"about":[{"href":"https:\/\/manantialdelasflores.com\/en\/wp-json\/wp\/v2\/types\/product"}],"replies":[{"embeddable":true,"href":"https:\/\/manantialdelasflores.com\/en\/wp-json\/wp\/v2\/comments?post=1701"}],"wp:attachment":[{"href":"https:\/\/manantialdelasflores.com\/en\/wp-json\/wp\/v2\/media?parent=1701"}],"wp:term":[{"taxonomy":"product_brand","embeddable":true,"href":"https:\/\/manantialdelasflores.com\/en\/wp-json\/wp\/v2\/product_brand?post=1701"},{"taxonomy":"product_cat","embeddable":true,"href":"https:\/\/manantialdelasflores.com\/en\/wp-json\/wp\/v2\/product_cat?post=1701"},{"taxonomy":"product_tag","embeddable":true,"href":"https:\/\/manantialdelasflores.com\/en\/wp-json\/wp\/v2\/product_tag?post=1701"}],"curies":[{"name":"wp","href":"https:\/\/api.w.org\/{rel}","templated":true}]}}