{"id":1737,"date":"2025-02-13T23:59:26","date_gmt":"2025-02-13T23:59:26","guid":{"rendered":"https:\/\/manantialdelasflores.com\/?post_type=product&#038;p=1737"},"modified":"2026-04-06T19:04:04","modified_gmt":"2026-04-06T19:04:04","slug":"doble-extracto-fluido-de-diente-de-leon","status":"publish","type":"product","link":"https:\/\/manantialdelasflores.com\/en\/shop\/doble-extracto-fluido-de-diente-de-leon\/","title":{"rendered":"Doble extracto fluido de Diente de Leon"},"content":{"rendered":"<p><strong>Modo de uso:<\/strong> Agitar y tomar 1\/2 cucharadita en agua antes de cada alimento para apoyar al h\u00edgado. Para problemas digestivos 1\/2 cucharadita en agua antes de la comida principal<\/p>\n<p><strong>Ingredientes: <\/strong>planta completa de Taraxacum officinale cultivada en el Rancho Agroecologico Agua Escondida, vodka 100% pura, glicerina vegetal<\/p>\n<p><strong>Presentaci\u00f3n: <\/strong>Frasco de cristal con 50ml.<\/p>\n","protected":false},"excerpt":{"rendered":"<p>Estimula el apetito, act\u00faa como un \"amargo\" que ayuda a digerir los alimentos y aprovechar sus nutrientes. Es un depurador del h\u00edgado y puede ayudar con las manchas de la piel causadas por alteraciones biliares. Coadyuva en la anemia restaurando la sangre. \u00datil para presi\u00f3n alta, diabetes, infecciones de orina y ri\u00f1ones.<\/p>\n","protected":false},"featured_media":0,"comment_status":"open","ping_status":"closed","template":"","meta":[],"product_brand":[],"product_cat":[72,132,134],"product_tag":[400,251,284,358],"class_list":{"0":"post-1737","1":"product","2":"type-product","3":"status-publish","5":"product_cat-alimentacion","6":"product_cat-suplementos-alimenticios","7":"product_cat-tintura-y-extractos","8":"product_tag-digestivo","9":"product_tag-doble-extracto-fluido","10":"product_tag-extracto","11":"product_tag-higado","13":"first","14":"instock","15":"featured","16":"shipping-taxable","17":"purchasable","18":"product-type-simple"},"_links":{"self":[{"href":"https:\/\/manantialdelasflores.com\/en\/wp-json\/wp\/v2\/product\/1737","targetHints":{"allow":["GET"]}}],"collection":[{"href":"https:\/\/manantialdelasflores.com\/en\/wp-json\/wp\/v2\/product"}],"about":[{"href":"https:\/\/manantialdelasflores.com\/en\/wp-json\/wp\/v2\/types\/product"}],"replies":[{"embeddable":true,"href":"https:\/\/manantialdelasflores.com\/en\/wp-json\/wp\/v2\/comments?post=1737"}],"wp:attachment":[{"href":"https:\/\/manantialdelasflores.com\/en\/wp-json\/wp\/v2\/media?parent=1737"}],"wp:term":[{"taxonomy":"product_brand","embeddable":true,"href":"https:\/\/manantialdelasflores.com\/en\/wp-json\/wp\/v2\/product_brand?post=1737"},{"taxonomy":"product_cat","embeddable":true,"href":"https:\/\/manantialdelasflores.com\/en\/wp-json\/wp\/v2\/product_cat?post=1737"},{"taxonomy":"product_tag","embeddable":true,"href":"https:\/\/manantialdelasflores.com\/en\/wp-json\/wp\/v2\/product_tag?post=1737"}],"curies":[{"name":"wp","href":"https:\/\/api.w.org\/{rel}","templated":true}]}}