{"id":19,"date":"2022-11-09T19:59:36","date_gmt":"2022-11-09T19:59:36","guid":{"rendered":"https:\/\/manantialdelasflores.com\/?post_type=product&#038;p=19"},"modified":"2025-03-19T21:35:09","modified_gmt":"2025-03-19T21:35:09","slug":"jabon-de-limon-y-calendula","status":"publish","type":"product","link":"https:\/\/manantialdelasflores.com\/en\/shop\/jabon-de-limon-y-calendula\/","title":{"rendered":"Jab\u00f3n de lim\u00f3n y cal\u00e9ndula"},"content":{"rendered":"<div class=\"short-description\">\n<div class=\"std\">\n<p>Hecho con c\u00e1scara de lim\u00f3n y p\u00e9talos de cal\u00e9ndula, es cicatrizante, antis\u00e9ptico, antif\u00fangico y antibacteriano.\u00a0 Muy \u00fatil en casos de psoriasis, hongos o cualquier infecci\u00f3n bacteriana. Es rico, suave y envolvente, su textura se logra con flores y frutos cultivados por nosotros mismos. Adecuado para irritaciones en la piel de los beb\u00e9s. Reafirma la piel y elimina las c\u00e9lulas muertas. Cualidad arom\u00e1tica: antidepresivo, favorece la memoria y fortalece el car\u00e1cter. Levanta el \u00e1nimo.<\/p>\n<p><strong>Ingredientes:<\/strong> Aceite de oliva prensado en fr\u00edo, aceite de coco, aceite de girasol, c\u00e1scara de lim\u00f3n, hojas de milenrama y p\u00e9talos de cal\u00e9ndula cultivados agroecologicamente por nosotros y aceite esencial de lim\u00f3n.<\/p>\n<\/div>\n<\/div>\n<div class=\"sku\">\n<p><strong>Presentaci\u00f3n:<\/strong> Barra de 90g envuelta en papel kraft reciclado y biodegradable.<\/p>\n<\/div>\n","protected":false},"excerpt":{"rendered":"<div class=\"std\">Para beb\u00e9s y todo tipo de piel. Ayuda a la circulaci\u00f3n, a cicatrizar los capilares rotos y a desinflamar las varices. 100% vegano y natural.<\/div>\n","protected":false},"featured_media":63,"comment_status":"open","ping_status":"closed","template":"","meta":[],"product_brand":[],"product_cat":[18,17],"product_tag":[159,151,48,157,19,158,150],"class_list":{"0":"post-19","1":"product","2":"type-product","3":"status-publish","4":"has-post-thumbnail","6":"product_cat-cuidado-corporal","7":"product_cat-jabones-artesanales","8":"product_tag-antiseptico","9":"product_tag-artesanal","10":"product_tag-calendula","11":"product_tag-cicatrizante","12":"product_tag-jabon","13":"product_tag-limon","14":"product_tag-vegano","16":"first","17":"instock","18":"shipping-taxable","19":"purchasable","20":"product-type-simple"},"_links":{"self":[{"href":"https:\/\/manantialdelasflores.com\/en\/wp-json\/wp\/v2\/product\/19","targetHints":{"allow":["GET"]}}],"collection":[{"href":"https:\/\/manantialdelasflores.com\/en\/wp-json\/wp\/v2\/product"}],"about":[{"href":"https:\/\/manantialdelasflores.com\/en\/wp-json\/wp\/v2\/types\/product"}],"replies":[{"embeddable":true,"href":"https:\/\/manantialdelasflores.com\/en\/wp-json\/wp\/v2\/comments?post=19"}],"wp:featuredmedia":[{"embeddable":true,"href":"https:\/\/manantialdelasflores.com\/en\/wp-json\/wp\/v2\/media\/63"}],"wp:attachment":[{"href":"https:\/\/manantialdelasflores.com\/en\/wp-json\/wp\/v2\/media?parent=19"}],"wp:term":[{"taxonomy":"product_brand","embeddable":true,"href":"https:\/\/manantialdelasflores.com\/en\/wp-json\/wp\/v2\/product_brand?post=19"},{"taxonomy":"product_cat","embeddable":true,"href":"https:\/\/manantialdelasflores.com\/en\/wp-json\/wp\/v2\/product_cat?post=19"},{"taxonomy":"product_tag","embeddable":true,"href":"https:\/\/manantialdelasflores.com\/en\/wp-json\/wp\/v2\/product_tag?post=19"}],"curies":[{"name":"wp","href":"https:\/\/api.w.org\/{rel}","templated":true}]}}