{"id":21,"date":"2022-11-09T20:07:45","date_gmt":"2022-11-09T20:07:45","guid":{"rendered":"https:\/\/manantialdelasflores.com\/?post_type=product&#038;p=21"},"modified":"2025-03-19T21:35:09","modified_gmt":"2025-03-19T21:35:09","slug":"jabon-de-naranja-y-arbol-del-te","status":"publish","type":"product","link":"https:\/\/manantialdelasflores.com\/en\/shop\/jabon-de-naranja-y-arbol-del-te\/","title":{"rendered":"Jab\u00f3n de naranja y \u00e1rbol del t\u00e9"},"content":{"rendered":"<div class=\"short-description\">\n<div class=\"sku\">\n<p>Hecho con c\u00e1scara de naranja y hojas de \u00e1rbol del t\u00e9. Es energ\u00e9tico y proporciona optimismo, deja una espuma densa y penetrante que desinfecta la piel. Desinfectante, bactericida, antiv\u00edrico, cicatrizante, desinflamante, refrescante y exfoliante. Combate la ansiedad. Ayuda a disipar el sentimiento de soledad.<\/p>\n<p><strong>Ingredientes:<\/strong> Aceite de oliva prensado en fr\u00edo, aceite de coco, aceite de girasol, para\u00edso, \u00e1rbol del t\u00e9 y c\u00e1scara de naranja cultivados agroecol\u00f3gicamente y aceites esenciales de naranja prensado en fr\u00edo y \u00e1rbol del t\u00e9.<\/p>\n<p><strong>Presentaci\u00f3n:<\/strong> Barra de 90g envuelta en papel kraft reciclado y biodegradable.<\/p>\n<\/div>\n<\/div>\n","protected":false},"excerpt":{"rendered":"<p>Para todo tipo de piel con acn\u00e9 y todo tipo de infecci\u00f3n cut\u00e1nea. Especial para cutis graso. 100% vegano y natural.<\/p>\n<p>&nbsp;<\/p>\n","protected":false},"featured_media":58,"comment_status":"open","ping_status":"closed","template":"","meta":[],"product_brand":[],"product_cat":[18,17],"product_tag":[153,156,38,151,157,155,154,19,152,150],"class_list":{"0":"post-21","1":"product","2":"type-product","3":"status-publish","4":"has-post-thumbnail","6":"product_cat-cuidado-corporal","7":"product_cat-jabones-artesanales","8":"product_tag-acne","9":"product_tag-antibacteriano","10":"product_tag-arbol-del-te","11":"product_tag-artesanal","12":"product_tag-cicatrizante","13":"product_tag-cutis-graso","14":"product_tag-desinfecta","15":"product_tag-jabon","16":"product_tag-naranja","17":"product_tag-vegano","19":"first","20":"instock","21":"shipping-taxable","22":"purchasable","23":"product-type-simple"},"_links":{"self":[{"href":"https:\/\/manantialdelasflores.com\/en\/wp-json\/wp\/v2\/product\/21","targetHints":{"allow":["GET"]}}],"collection":[{"href":"https:\/\/manantialdelasflores.com\/en\/wp-json\/wp\/v2\/product"}],"about":[{"href":"https:\/\/manantialdelasflores.com\/en\/wp-json\/wp\/v2\/types\/product"}],"replies":[{"embeddable":true,"href":"https:\/\/manantialdelasflores.com\/en\/wp-json\/wp\/v2\/comments?post=21"}],"wp:featuredmedia":[{"embeddable":true,"href":"https:\/\/manantialdelasflores.com\/en\/wp-json\/wp\/v2\/media\/58"}],"wp:attachment":[{"href":"https:\/\/manantialdelasflores.com\/en\/wp-json\/wp\/v2\/media?parent=21"}],"wp:term":[{"taxonomy":"product_brand","embeddable":true,"href":"https:\/\/manantialdelasflores.com\/en\/wp-json\/wp\/v2\/product_brand?post=21"},{"taxonomy":"product_cat","embeddable":true,"href":"https:\/\/manantialdelasflores.com\/en\/wp-json\/wp\/v2\/product_cat?post=21"},{"taxonomy":"product_tag","embeddable":true,"href":"https:\/\/manantialdelasflores.com\/en\/wp-json\/wp\/v2\/product_tag?post=21"}],"curies":[{"name":"wp","href":"https:\/\/api.w.org\/{rel}","templated":true}]}}